{"id":11,"date":"2014-01-14T10:40:03","date_gmt":"2014-01-14T09:40:03","guid":{"rendered":"http:\/\/tobiasherrmann.com\/bachhuber\/?page_id=11"},"modified":"2026-04-21T10:07:35","modified_gmt":"2026-04-21T08:07:35","slug":"aktuelles","status":"publish","type":"page","link":"https:\/\/fleischerei-bachhuber.de\/index.php\/aktuelles\/","title":{"rendered":"Aktuelles"},"content":{"rendered":"<img loading=\"lazy\" decoding=\"async\" class=\"alignnone size-full wp-image-41\" style=\"text-decoration: underline;\" src=\"https:\/\/fleischerei-bachhuber.de\/wp-content\/uploads\/2014\/01\/foto-aktuelles.jpg\" alt=\"Unsere Empfehlungen\" width=\"750\" height=\"420\" srcset=\"https:\/\/fleischerei-bachhuber.de\/wp-content\/uploads\/2014\/01\/foto-aktuelles.jpg 750w, https:\/\/fleischerei-bachhuber.de\/wp-content\/uploads\/2014\/01\/foto-aktuelles-300x168.jpg 300w\" sizes=\"auto, (max-width: 750px) 100vw, 750px\" \/>\r\n<div class=\"xdj266r x11i5rnm xat24cr x1mh8g0r x1vvkbs x126k92a\">\r\n<div dir=\"auto\" style=\"text-align: center;\">\r\n<div class=\"xdj266r x11i5rnm xat24cr x1mh8g0r x1vvkbs x126k92a\">\r\n<div dir=\"auto\">\r\n<div class=\"xdj266r x11i5rnm xat24cr x1mh8g0r x1vvkbs x126k92a\">\r\n<div class=\"xdj266r x11i5rnm xat24cr x1mh8g0r x1vvkbs x126k92a\">\r\n<div dir=\"auto\">\r\n<div class=\"x11i5rnm xat24cr x1mh8g0r x1vvkbs xtlvy1s x126k92a\">\r\n<div class=\"xdj266r x11i5rnm xat24cr x1mh8g0r x1vvkbs x126k92a\">\r\n<div dir=\"auto\">\r\n<div dir=\"auto\">\r\n<div class=\"xdj266r x11i5rnm xat24cr x1mh8g0r x1vvkbs x126k92a\">\r\n<div class=\"x11i5rnm xat24cr x1mh8g0r x1vvkbs xtlvy1s x126k92a\">\r\n<div dir=\"auto\">\r\n<div class=\"xdj266r x14z9mp xat24cr x1lziwak x1vvkbs x126k92a\">\r\n<div dir=\"auto\">\r\n<div class=\"xdj266r x14z9mp xat24cr x1lziwak x1vvkbs x126k92a\">\r\n<div class=\"x14z9mp xat24cr x1lziwak x1vvkbs xtlvy1s x126k92a\">\r\n<div dir=\"auto\">\r\n<div class=\"xdj266r x14z9mp xat24cr x1lziwak x1vvkbs x126k92a\">\r\n<div dir=\"auto\">\r\n<div class=\"xdj266r x14z9mp xat24cr x1lziwak x1vvkbs x126k92a\">\r\n<div class=\"xdj266r x14z9mp xat24cr x1lziwak x1vvkbs x126k92a\"><\/div>\r\n<div class=\"x14z9mp xat24cr x1lziwak x1vvkbs xtlvy1s x126k92a\">\r\n<div dir=\"auto\"><\/div>\r\n<\/div>\r\n<\/div>\r\n<div dir=\"auto\">\r\n<div class=\"xdj266r x14z9mp xat24cr x1lziwak x1vvkbs x126k92a\">\r\n<div dir=\"auto\"><img loading=\"lazy\" decoding=\"async\" class=\"alignleft size-full wp-image-928\" src=\"https:\/\/fleischerei-bachhuber.de\/wp-content\/uploads\/2026\/04\/Bratwuerste.png\" alt=\"\" width=\"1444\" height=\"1352\" srcset=\"https:\/\/fleischerei-bachhuber.de\/wp-content\/uploads\/2026\/04\/Bratwuerste.png 1444w, https:\/\/fleischerei-bachhuber.de\/wp-content\/uploads\/2026\/04\/Bratwuerste-768x719.png 768w\" sizes=\"auto, (max-width: 1444px) 100vw, 1444px\" \/><\/div>\r\n<div dir=\"auto\"><\/div>\r\n<div dir=\"auto\">\r\n\r\n<hr \/>\r\n\r\n<\/div>\r\n<\/div>\r\n<div class=\"x14z9mp xat24cr x1lziwak x1vvkbs xtlvy1s x126k92a\"><img decoding=\"async\" class=\"alignleft size-medium wp-image-927\" src=\"https:\/\/fleischerei-bachhuber.de\/wp-content\/uploads\/2026\/04\/HaengerEigene.png\" alt=\"\" \/><\/div>\r\n<\/div>\r\n<div class=\"xdj266r x14z9mp xat24cr x1lziwak x1vvkbs x126k92a\"><\/div>\r\n<\/div>\r\n<\/div>\r\n<\/div>\r\n<\/div>\r\n<\/div>\r\n<div class=\"x14z9mp xat24cr x1lziwak x1vvkbs xtlvy1s x126k92a\">\r\n<div dir=\"auto\">\r\n<div class=\"x14z9mp xat24cr x1lziwak x1vvkbs xtlvy1s x126k92a\">\r\n<div dir=\"auto\">\r\n<div class=\"xdj266r x14z9mp xat24cr x1lziwak x1vvkbs x126k92a\"><\/div>\r\n<div class=\"x14z9mp xat24cr x1lziwak x1vvkbs xtlvy1s x126k92a\">\r\n<div dir=\"auto\"><\/div>\r\n<div dir=\"auto\"><\/div>\r\n<\/div>\r\n<\/div>\r\n<\/div>\r\n<\/div>\r\n<\/div>\r\n<\/div>\r\n<div dir=\"auto\"><\/div>\r\n<div dir=\"auto\">\r\n<div class=\"x14z9mp xat24cr x1lziwak x1vvkbs xtlvy1s x126k92a\">\r\n<div dir=\"auto\">\r\n<div class=\"x14z9mp xat24cr x1lziwak x1vvkbs xtlvy1s x126k92a\">\r\n<div dir=\"auto\"><\/div>\r\n<\/div>\r\n<\/div>\r\n<\/div>\r\n<\/div>\r\n<\/div>\r\n<\/div>\r\n<\/div>\r\n<\/div>\r\n<div dir=\"auto\">\r\n\r\n<hr \/>\r\n\r\n<\/div>\r\n<div dir=\"auto\"><\/div>\r\n<div dir=\"auto\">\r\n\r\n<div id=\"attachment_870\" style=\"width: 639px\" class=\"wp-caption aligncenter\"><img loading=\"lazy\" decoding=\"async\" aria-describedby=\"caption-attachment-870\" class=\" wp-image-870\" src=\"https:\/\/fleischerei-bachhuber.de\/wp-content\/uploads\/2025\/01\/Stellenanzeige0125.jpg\" alt=\"\" width=\"629\" height=\"702\" srcset=\"https:\/\/fleischerei-bachhuber.de\/wp-content\/uploads\/2025\/01\/Stellenanzeige0125.jpg 1756w, https:\/\/fleischerei-bachhuber.de\/wp-content\/uploads\/2025\/01\/Stellenanzeige0125-768x856.jpg 768w, https:\/\/fleischerei-bachhuber.de\/wp-content\/uploads\/2025\/01\/Stellenanzeige0125-1378x1536.jpg 1378w\" sizes=\"auto, (max-width: 629px) 100vw, 629px\" \/><p id=\"caption-attachment-870\" class=\"wp-caption-text\">Screenshot<\/p><\/div>\r\n\r\n<\/div>\r\n<\/div>\r\n<div dir=\"auto\">\r\n<div class=\"x11i5rnm xat24cr x1mh8g0r x1vvkbs xtlvy1s x126k92a\">\r\n<div dir=\"auto\"><\/div>\r\n<\/div>\r\n<\/div>\r\n<\/div>\r\n<\/div>\r\n<\/div>\r\n<\/div>\r\n<div dir=\"auto\">\r\n<div class=\"xdj266r x11i5rnm xat24cr x1mh8g0r x1vvkbs x126k92a\">\r\n\r\n<hr \/>\r\n\r\n<div dir=\"auto\"><\/div>\r\n<\/div>\r\n<\/div>\r\n<div dir=\"auto\"><img loading=\"lazy\" decoding=\"async\" class=\"wp-image-814 aligncenter\" src=\"https:\/\/fleischerei-bachhuber.de\/wp-content\/uploads\/2024\/07\/Nils_24_1.png\" alt=\"\" width=\"404\" height=\"402\" srcset=\"https:\/\/fleischerei-bachhuber.de\/wp-content\/uploads\/2024\/07\/Nils_24_1.png 1852w, https:\/\/fleischerei-bachhuber.de\/wp-content\/uploads\/2024\/07\/Nils_24_1-768x766.png 768w, https:\/\/fleischerei-bachhuber.de\/wp-content\/uploads\/2024\/07\/Nils_24_1-1536x1531.png 1536w\" sizes=\"auto, (max-width: 404px) 100vw, 404px\" \/> <img loading=\"lazy\" decoding=\"async\" class=\"wp-image-815 alignnone\" src=\"https:\/\/fleischerei-bachhuber.de\/wp-content\/uploads\/2024\/07\/Nils_24_2.png\" alt=\"\" width=\"404\" height=\"404\" srcset=\"https:\/\/fleischerei-bachhuber.de\/wp-content\/uploads\/2024\/07\/Nils_24_2.png 1848w, https:\/\/fleischerei-bachhuber.de\/wp-content\/uploads\/2024\/07\/Nils_24_2-768x768.png 768w, https:\/\/fleischerei-bachhuber.de\/wp-content\/uploads\/2024\/07\/Nils_24_2-1536x1536.png 1536w\" sizes=\"auto, (max-width: 404px) 100vw, 404px\" \/> <img loading=\"lazy\" decoding=\"async\" class=\"wp-image-816 aligncenter\" src=\"https:\/\/fleischerei-bachhuber.de\/wp-content\/uploads\/2024\/07\/Nils_24_3.png\" alt=\"\" width=\"405\" height=\"405\" srcset=\"https:\/\/fleischerei-bachhuber.de\/wp-content\/uploads\/2024\/07\/Nils_24_3.png 1890w, https:\/\/fleischerei-bachhuber.de\/wp-content\/uploads\/2024\/07\/Nils_24_3-768x768.png 768w, https:\/\/fleischerei-bachhuber.de\/wp-content\/uploads\/2024\/07\/Nils_24_3-1536x1536.png 1536w\" sizes=\"auto, (max-width: 405px) 100vw, 405px\" \/> <img loading=\"lazy\" decoding=\"async\" class=\"wp-image-817 aligncenter\" src=\"https:\/\/fleischerei-bachhuber.de\/wp-content\/uploads\/2024\/07\/Nils_24_4.png\" alt=\"\" width=\"404\" height=\"403\" srcset=\"https:\/\/fleischerei-bachhuber.de\/wp-content\/uploads\/2024\/07\/Nils_24_4.png 1930w, https:\/\/fleischerei-bachhuber.de\/wp-content\/uploads\/2024\/07\/Nils_24_4-768x766.png 768w, https:\/\/fleischerei-bachhuber.de\/wp-content\/uploads\/2024\/07\/Nils_24_4-1536x1533.png 1536w\" sizes=\"auto, (max-width: 404px) 100vw, 404px\" \/><img loading=\"lazy\" decoding=\"async\" class=\"wp-image-817 aligncenter\" src=\"https:\/\/fleischerei-bachhuber.de\/wp-content\/uploads\/2024\/07\/Nils_24_4.png\" alt=\"\" width=\"403\" height=\"402\" srcset=\"https:\/\/fleischerei-bachhuber.de\/wp-content\/uploads\/2024\/07\/Nils_24_4.png 1930w, https:\/\/fleischerei-bachhuber.de\/wp-content\/uploads\/2024\/07\/Nils_24_4-768x766.png 768w, https:\/\/fleischerei-bachhuber.de\/wp-content\/uploads\/2024\/07\/Nils_24_4-1536x1533.png 1536w\" sizes=\"auto, (max-width: 403px) 100vw, 403px\" \/> <img loading=\"lazy\" decoding=\"async\" class=\"wp-image-818 aligncenter\" src=\"https:\/\/fleischerei-bachhuber.de\/wp-content\/uploads\/2024\/07\/Nils_24_5.png\" alt=\"\" width=\"397\" height=\"397\" srcset=\"https:\/\/fleischerei-bachhuber.de\/wp-content\/uploads\/2024\/07\/Nils_24_5.png 1932w, https:\/\/fleischerei-bachhuber.de\/wp-content\/uploads\/2024\/07\/Nils_24_5-768x769.png 768w, https:\/\/fleischerei-bachhuber.de\/wp-content\/uploads\/2024\/07\/Nils_24_5-1534x1536.png 1534w\" sizes=\"auto, (max-width: 397px) 100vw, 397px\" \/><\/div>\r\n<div dir=\"auto\">\r\n<div class=\"xdj266r x11i5rnm xat24cr x1mh8g0r x1vvkbs x126k92a\">\r\n<div dir=\"auto\"><\/div>\r\n<h4 dir=\"auto\"><span style=\"color: #993300;\"><strong>Wir freuen uns auf eure Bewerbungen <span class=\"html-span xexx8yu x4uap5 x18d9i69 xkhd6sd x1hl2dhg x16tdsg8 x1vvkbs x3nfvp2 x1j61x8r x1fcty0u xdj266r xat24cr xgzva0m xhhsvwb xxymvpz xlup9mm x1kky2od\"><img loading=\"lazy\" decoding=\"async\" class=\"xz74otr\" src=\"https:\/\/static.xx.fbcdn.net\/images\/emoji.php\/v9\/tc\/2\/16\/1f973.png\" alt=\"\ud83e\udd73\" width=\"16\" height=\"16\" \/><\/span><\/strong><\/span><\/h4>\r\n<h4 dir=\"auto\"><span style=\"color: #993300;\"><strong>entweder \u00fcber Harald Kutschinski 0160\/7188174)<\/strong><\/span><\/h4>\r\n<h4 dir=\"auto\"><span style=\"color: #993300;\"><strong>oder per Mail (mail@fleischerei-bachhuber.de) oder gleich <a href=\"https:\/\/fleischerei-bachhuber.de\/index.php\/bewerbung\/\">hier\u00fcber<\/a>\r\n<\/strong><\/span><\/h4>\r\n<\/div>\r\n<\/div>\r\n<\/div>\r\n<\/div>\r\n<div class=\"x11i5rnm xat24cr x1mh8g0r x1vvkbs xtlvy1s x126k92a\">\r\n<div dir=\"auto\">\r\n<div class=\"xdj266r x11i5rnm xat24cr x1mh8g0r x1vvkbs x126k92a\">\r\n<div dir=\"auto\"><\/div>\r\n<div dir=\"auto\"><\/div>\r\n<div dir=\"auto\">\r\n\r\n<hr \/>\r\n\r\n<\/div>\r\n<\/div>\r\n<\/div>\r\n<div dir=\"auto\">\r\n<div dir=\"auto\"><\/div>\r\n<div dir=\"auto\">\r\n<div dir=\"auto\">\r\n<div class=\"xdj266r x11i5rnm xat24cr x1mh8g0r x1vvkbs x126k92a\">\r\n<div dir=\"auto\"><\/div>\r\n<div dir=\"auto\"><span style=\"color: #800000;\"><strong><span class=\"x3nfvp2 x1j61x8r x1fcty0u xdj266r xhhsvwb xat24cr xgzva0m xxymvpz xlup9mm x1kky2od\"><img loading=\"lazy\" decoding=\"async\" class=\"xz74otr\" src=\"https:\/\/static.xx.fbcdn.net\/images\/emoji.php\/v9\/t5d\/2\/16\/1f3c6.png\" alt=\"\ud83c\udfc6\" width=\"16\" height=\"16\" \/><\/span>WIR SIND STOLZ WIE BOLLE!<span class=\"x3nfvp2 x1j61x8r x1fcty0u xdj266r xhhsvwb xat24cr xgzva0m xxymvpz xlup9mm x1kky2od\"><img loading=\"lazy\" decoding=\"async\" class=\"xz74otr\" src=\"https:\/\/static.xx.fbcdn.net\/images\/emoji.php\/v9\/t5d\/2\/16\/1f3c6.png\" alt=\"\ud83c\udfc6\" width=\"16\" height=\"16\" \/><\/span><\/strong><\/span><\/div>\r\n<div dir=\"auto\"><span style=\"color: #800000;\"><strong><span class=\"x3nfvp2 x1j61x8r x1fcty0u xdj266r xhhsvwb xat24cr xgzva0m xxymvpz xlup9mm x1kky2od\"><img loading=\"lazy\" decoding=\"async\" class=\"xz74otr\" src=\"https:\/\/static.xx.fbcdn.net\/images\/emoji.php\/v9\/t33\/2\/16\/1f947.png\" alt=\"\ud83e\udd47\" width=\"16\" height=\"16\" \/><\/span>Testsieger \u00bbFeinkosttest Fleischk\u00e4se\u00ab Tagesspiegel<span class=\"x3nfvp2 x1j61x8r x1fcty0u xdj266r xhhsvwb xat24cr xgzva0m xxymvpz xlup9mm x1kky2od\"><img loading=\"lazy\" decoding=\"async\" class=\"xz74otr\" src=\"https:\/\/static.xx.fbcdn.net\/images\/emoji.php\/v9\/t33\/2\/16\/1f947.png\" alt=\"\ud83e\udd47\" width=\"16\" height=\"16\" \/><\/span><\/strong><\/span><\/div>\r\n<\/div>\r\n<\/div>\r\n<\/div>\r\n<\/div>\r\n<div dir=\"auto\"><\/div>\r\n<\/div>\r\n<\/div>\r\n<div dir=\"auto\">\r\n<div class=\"x11i5rnm xat24cr x1mh8g0r x1vvkbs xtlvy1s x126k92a\">\r\n<div dir=\"auto\"><img loading=\"lazy\" decoding=\"async\" class=\"wp-image-797 aligncenter\" src=\"https:\/\/fleischerei-bachhuber.de\/wp-content\/uploads\/2024\/02\/TspFleischkaese24.png\" alt=\"\" width=\"984\" height=\"1209\" srcset=\"https:\/\/fleischerei-bachhuber.de\/wp-content\/uploads\/2024\/02\/TspFleischkaese24.png 1496w, https:\/\/fleischerei-bachhuber.de\/wp-content\/uploads\/2024\/02\/TspFleischkaese24-768x944.png 768w, https:\/\/fleischerei-bachhuber.de\/wp-content\/uploads\/2024\/02\/TspFleischkaese24-1250x1536.png 1250w\" sizes=\"auto, (max-width: 984px) 100vw, 984px\" \/><\/div>\r\n<div dir=\"auto\">\r\n<div class=\"x11i5rnm xat24cr x1mh8g0r x1vvkbs xtlvy1s x126k92a\">\r\n<div dir=\"auto\"><strong><span style=\"color: #003300;\"><em>\u00bbAls wom\u00f6glich noch eine Spur authentischer und auf den besten Aspekt der verwendeten Fleischteile hin zubereitet erwies sich der ohne die beschr\u00e4nkende Lebhaftigkeit des wei\u00dfen Pfeffers auskommende Fleischk\u00e4se von Bachhuber, vor gut 40 Jahren Pionier der Neuland-Bewegung f\u00fcr eine nat\u00fcrliche Fleischgewinnung.\u00ab<\/em><\/span><\/strong><\/div>\r\n<div dir=\"auto\">(Thomas Platt, Tagesspiegel v. 24.02.24)<\/div>\r\n<\/div>\r\n<\/div>\r\n<\/div>\r\n<\/div>\r\n<\/div>\r\n<\/div>\r\n<div dir=\"auto\" style=\"text-align: center;\">\r\n<div dir=\"auto\"><\/div>\r\n<\/div>\r\n<\/div>\r\n<div class=\"xdj266r x11i5rnm xat24cr x1mh8g0r x1vvkbs x126k92a\"><\/div>\r\n<div class=\"xdj266r x11i5rnm xat24cr x1mh8g0r x1vvkbs x126k92a\">\r\n<div dir=\"auto\" style=\"text-align: center;\">\r\n<div class=\"xdj266r x11i5rnm xat24cr x1mh8g0r x1vvkbs x126k92a\"><\/div>\r\n<\/div>\r\n<\/div>\r\n<div class=\"x11i5rnm xat24cr x1mh8g0r x1vvkbs xtlvy1s x126k92a\">\r\n<div dir=\"auto\">\r\n<div class=\"xdj266r x11i5rnm xat24cr x1mh8g0r x1vvkbs x126k92a\">\r\n<h2 dir=\"auto\" style=\"text-align: center;\"><\/h2>\r\n<\/div>\r\n<\/div>\r\n<\/div>\r\n<div dir=\"auto\">\r\n<div class=\"m8h3af8h l7ghb35v kjdc1dyq kmwttqpk gh25dzvf n3t5jt4f\">\r\n<div class=\"xdj266r x11i5rnm xat24cr x1mh8g0r x1vvkbs x126k92a\" style=\"text-align: center;\">\r\n<div class=\"x11i5rnm xat24cr x1mh8g0r x1vvkbs xdj266r x126k92a\">\r\n<div dir=\"auto\">\r\n<div class=\"x11i5rnm xat24cr x1mh8g0r x1vvkbs xdj266r x126k92a\">\r\n<div class=\"x11i5rnm xat24cr x1mh8g0r x1vvkbs xdj266r x126k92a\">\r\n<div class=\"x11i5rnm xat24cr x1mh8g0r x1vvkbs xdj266r x126k92a\">\r\n<div class=\"x11i5rnm xat24cr x1mh8g0r x1vvkbs xtlvy1s x126k92a\">\r\n<div dir=\"auto\"><\/div>\r\n<\/div>\r\n<div dir=\"auto\">\r\n<div class=\"x11i5rnm xat24cr x1mh8g0r x1vvkbs xdj266r x126k92a\">\r\n<div class=\"x11i5rnm xat24cr x1mh8g0r x1vvkbs xtlvy1s x126k92a\">\r\n<div dir=\"auto\"><\/div>\r\n<div dir=\"auto\">\r\n\r\n<hr \/>\r\n\r\n<\/div>\r\n<\/div>\r\n<\/div>\r\n<div class=\"x11i5rnm xat24cr x1mh8g0r x1vvkbs xtlvy1s x126k92a\">\r\n<div dir=\"auto\"><\/div>\r\n<\/div>\r\n<\/div>\r\n<div dir=\"auto\"><\/div>\r\n<h4 dir=\"auto\"><img loading=\"lazy\" decoding=\"async\" class=\"size-full wp-image-730 aligncenter\" src=\"https:\/\/fleischerei-bachhuber.de\/wp-content\/uploads\/2023\/01\/B-West.png\" alt=\"\" width=\"1764\" height=\"868\" srcset=\"https:\/\/fleischerei-bachhuber.de\/wp-content\/uploads\/2023\/01\/B-West.png 1764w, https:\/\/fleischerei-bachhuber.de\/wp-content\/uploads\/2023\/01\/B-West-768x378.png 768w, https:\/\/fleischerei-bachhuber.de\/wp-content\/uploads\/2023\/01\/B-West-1536x756.png 1536w\" sizes=\"auto, (max-width: 1764px) 100vw, 1764px\" \/><\/h4>\r\n<h4 dir=\"auto\"><\/h4>\r\n<\/div>\r\n<\/div>\r\n<\/div>\r\n<\/div>\r\n<\/div>\r\n<div class=\"x11i5rnm xat24cr x1mh8g0r x1vvkbs xtlvy1s x126k92a\">\r\n<div dir=\"auto\"><\/div>\r\n<\/div>\r\n<\/div>\r\n<div class=\"xdj266r x11i5rnm xat24cr x1mh8g0r x1vvkbs x126k92a\" style=\"text-align: center;\">\r\n<div class=\"xdj266r x11i5rnm xat24cr x1mh8g0r x1vvkbs x126k92a\">\r\n<div dir=\"auto\">\r\n<div class=\"x11i5rnm xat24cr x1mh8g0r x1vvkbs xtlvy1s x126k92a\">\r\n<div dir=\"auto\"><\/div>\r\n<\/div>\r\n<\/div>\r\n<\/div>\r\n<\/div>\r\n<div dir=\"auto\" style=\"text-align: center;\"><\/div>\r\n<\/div>\r\n<\/div>\r\n<div dir=\"auto\">\r\n<div class=\"kvgmc6g5 cxmmr5t8 oygrvhab hcukyx3x c1et5uql ii04i59q\"><\/div>\r\n<\/div>\r\n<div class=\"text_exposed_show\">\r\n<div dir=\"auto\"><\/div>\r\n<\/div>\r\n<!-- \/wp:post-content -->","protected":false},"excerpt":{"rendered":"<p>Wir freuen uns auf eure Bewerbungen entweder \u00fcber Harald Kutschinski 0160\/7188174) oder per Mail (mail@fleischerei-bachhuber.de) oder gleich hier\u00fcber WIR SIND STOLZ WIE BOLLE! Testsieger \u00bbFeinkosttest Fleischk\u00e4se\u00ab Tagesspiegel \u00bbAls wom\u00f6glich noch eine Spur authentischer und auf den besten Aspekt der verwendeten Fleischteile hin zubereitet erwies sich der ohne die beschr\u00e4nkende Lebhaftigkeit des wei\u00dfen Pfeffers auskommende Fleischk\u00e4se [&hellip;]<\/p>\n","protected":false},"author":4,"featured_media":0,"parent":0,"menu_order":0,"comment_status":"closed","ping_status":"closed","template":"","meta":{"footnotes":""},"class_list":["post-11","page","type-page","status-publish","hentry"],"yoast_head":"<!-- This site is optimized with the Yoast SEO plugin v26.6 - https:\/\/yoast.com\/wordpress\/plugins\/seo\/ -->\n<title>Aktuelles - Fleischerei Bachhuber<\/title>\n<meta name=\"robots\" content=\"index, follow, max-snippet:-1, max-image-preview:large, max-video-preview:-1\" \/>\n<link rel=\"canonical\" href=\"https:\/\/fleischerei-bachhuber.de\/index.php\/aktuelles\/\" \/>\n<meta property=\"og:locale\" content=\"de_DE\" \/>\n<meta property=\"og:type\" content=\"article\" \/>\n<meta property=\"og:title\" content=\"Aktuelles - Fleischerei Bachhuber\" \/>\n<meta property=\"og:description\" content=\"Wir freuen uns auf eure Bewerbungen entweder \u00fcber Harald Kutschinski 0160\/7188174) oder per Mail (mail@fleischerei-bachhuber.de) oder gleich hier\u00fcber WIR SIND STOLZ WIE BOLLE! Testsieger \u00bbFeinkosttest Fleischk\u00e4se\u00ab Tagesspiegel \u00bbAls wom\u00f6glich noch eine Spur authentischer und auf den besten Aspekt der verwendeten Fleischteile hin zubereitet erwies sich der ohne die beschr\u00e4nkende Lebhaftigkeit des wei\u00dfen Pfeffers auskommende Fleischk\u00e4se [&hellip;]\" \/>\n<meta property=\"og:url\" content=\"https:\/\/fleischerei-bachhuber.de\/index.php\/aktuelles\/\" \/>\n<meta property=\"og:site_name\" content=\"Fleischerei Bachhuber\" \/>\n<meta property=\"article:modified_time\" content=\"2026-04-21T08:07:35+00:00\" \/>\n<meta property=\"og:image\" content=\"https:\/\/fleischerei-bachhuber.de\/wp-content\/uploads\/2014\/01\/foto-aktuelles.jpg\" \/>\n\t<meta property=\"og:image:width\" content=\"750\" \/>\n\t<meta property=\"og:image:height\" content=\"420\" \/>\n\t<meta property=\"og:image:type\" content=\"image\/jpeg\" \/>\n<meta name=\"twitter:card\" content=\"summary_large_image\" \/>\n<meta name=\"twitter:label1\" content=\"Gesch\u00e4tzte Lesezeit\" \/>\n\t<meta name=\"twitter:data1\" content=\"4\u00a0Minuten\" \/>\n<script type=\"application\/ld+json\" class=\"yoast-schema-graph\">{\"@context\":\"https:\/\/schema.org\",\"@graph\":[{\"@type\":\"WebPage\",\"@id\":\"https:\/\/fleischerei-bachhuber.de\/index.php\/aktuelles\/\",\"url\":\"https:\/\/fleischerei-bachhuber.de\/index.php\/aktuelles\/\",\"name\":\"Aktuelles - Fleischerei Bachhuber\",\"isPartOf\":{\"@id\":\"https:\/\/fleischerei-bachhuber.de\/#website\"},\"primaryImageOfPage\":{\"@id\":\"https:\/\/fleischerei-bachhuber.de\/index.php\/aktuelles\/#primaryimage\"},\"image\":{\"@id\":\"https:\/\/fleischerei-bachhuber.de\/index.php\/aktuelles\/#primaryimage\"},\"thumbnailUrl\":\"https:\/\/fleischerei-bachhuber.de\/wp-content\/uploads\/2014\/01\/foto-aktuelles.jpg\",\"datePublished\":\"2014-01-14T09:40:03+00:00\",\"dateModified\":\"2026-04-21T08:07:35+00:00\",\"breadcrumb\":{\"@id\":\"https:\/\/fleischerei-bachhuber.de\/index.php\/aktuelles\/#breadcrumb\"},\"inLanguage\":\"de\",\"potentialAction\":[{\"@type\":\"ReadAction\",\"target\":[\"https:\/\/fleischerei-bachhuber.de\/index.php\/aktuelles\/\"]}]},{\"@type\":\"ImageObject\",\"inLanguage\":\"de\",\"@id\":\"https:\/\/fleischerei-bachhuber.de\/index.php\/aktuelles\/#primaryimage\",\"url\":\"https:\/\/fleischerei-bachhuber.de\/wp-content\/uploads\/2014\/01\/foto-aktuelles.jpg\",\"contentUrl\":\"https:\/\/fleischerei-bachhuber.de\/wp-content\/uploads\/2014\/01\/foto-aktuelles.jpg\",\"width\":750,\"height\":420,\"caption\":\"Unsere Empfehlungen\"},{\"@type\":\"BreadcrumbList\",\"@id\":\"https:\/\/fleischerei-bachhuber.de\/index.php\/aktuelles\/#breadcrumb\",\"itemListElement\":[{\"@type\":\"ListItem\",\"position\":1,\"name\":\"Startseite\",\"item\":\"https:\/\/fleischerei-bachhuber.de\/\"},{\"@type\":\"ListItem\",\"position\":2,\"name\":\"Aktuelles\"}]},{\"@type\":\"WebSite\",\"@id\":\"https:\/\/fleischerei-bachhuber.de\/#website\",\"url\":\"https:\/\/fleischerei-bachhuber.de\/\",\"name\":\"Fleischerei Bachhuber\",\"description\":\"Ihr Spezialist f\u00fcr Wurst, Fleisch, Gefl\u00fcgel, Wild und Partyservice\",\"publisher\":{\"@id\":\"https:\/\/fleischerei-bachhuber.de\/#organization\"},\"potentialAction\":[{\"@type\":\"SearchAction\",\"target\":{\"@type\":\"EntryPoint\",\"urlTemplate\":\"https:\/\/fleischerei-bachhuber.de\/?s={search_term_string}\"},\"query-input\":{\"@type\":\"PropertyValueSpecification\",\"valueRequired\":true,\"valueName\":\"search_term_string\"}}],\"inLanguage\":\"de\"},{\"@type\":\"Organization\",\"@id\":\"https:\/\/fleischerei-bachhuber.de\/#organization\",\"name\":\"Fleischerei Bachhuber\",\"url\":\"https:\/\/fleischerei-bachhuber.de\/\",\"logo\":{\"@type\":\"ImageObject\",\"inLanguage\":\"de\",\"@id\":\"https:\/\/fleischerei-bachhuber.de\/#\/schema\/logo\/image\/\",\"url\":\"https:\/\/fleischerei-bachhuber.de\/wp-content\/uploads\/2019\/09\/IMG_5953.jpg\",\"contentUrl\":\"https:\/\/fleischerei-bachhuber.de\/wp-content\/uploads\/2019\/09\/IMG_5953.jpg\",\"width\":1280,\"height\":786,\"caption\":\"Fleischerei Bachhuber\"},\"image\":{\"@id\":\"https:\/\/fleischerei-bachhuber.de\/#\/schema\/logo\/image\/\"}}]}<\/script>\n<!-- \/ Yoast SEO plugin. -->","yoast_head_json":{"title":"Aktuelles - Fleischerei Bachhuber","robots":{"index":"index","follow":"follow","max-snippet":"max-snippet:-1","max-image-preview":"max-image-preview:large","max-video-preview":"max-video-preview:-1"},"canonical":"https:\/\/fleischerei-bachhuber.de\/index.php\/aktuelles\/","og_locale":"de_DE","og_type":"article","og_title":"Aktuelles - Fleischerei Bachhuber","og_description":"Wir freuen uns auf eure Bewerbungen entweder \u00fcber Harald Kutschinski 0160\/7188174) oder per Mail (mail@fleischerei-bachhuber.de) oder gleich hier\u00fcber WIR SIND STOLZ WIE BOLLE! Testsieger \u00bbFeinkosttest Fleischk\u00e4se\u00ab Tagesspiegel \u00bbAls wom\u00f6glich noch eine Spur authentischer und auf den besten Aspekt der verwendeten Fleischteile hin zubereitet erwies sich der ohne die beschr\u00e4nkende Lebhaftigkeit des wei\u00dfen Pfeffers auskommende Fleischk\u00e4se [&hellip;]","og_url":"https:\/\/fleischerei-bachhuber.de\/index.php\/aktuelles\/","og_site_name":"Fleischerei Bachhuber","article_modified_time":"2026-04-21T08:07:35+00:00","og_image":[{"width":750,"height":420,"url":"https:\/\/fleischerei-bachhuber.de\/wp-content\/uploads\/2014\/01\/foto-aktuelles.jpg","type":"image\/jpeg"}],"twitter_card":"summary_large_image","twitter_misc":{"Gesch\u00e4tzte Lesezeit":"4\u00a0Minuten"},"schema":{"@context":"https:\/\/schema.org","@graph":[{"@type":"WebPage","@id":"https:\/\/fleischerei-bachhuber.de\/index.php\/aktuelles\/","url":"https:\/\/fleischerei-bachhuber.de\/index.php\/aktuelles\/","name":"Aktuelles - Fleischerei Bachhuber","isPartOf":{"@id":"https:\/\/fleischerei-bachhuber.de\/#website"},"primaryImageOfPage":{"@id":"https:\/\/fleischerei-bachhuber.de\/index.php\/aktuelles\/#primaryimage"},"image":{"@id":"https:\/\/fleischerei-bachhuber.de\/index.php\/aktuelles\/#primaryimage"},"thumbnailUrl":"https:\/\/fleischerei-bachhuber.de\/wp-content\/uploads\/2014\/01\/foto-aktuelles.jpg","datePublished":"2014-01-14T09:40:03+00:00","dateModified":"2026-04-21T08:07:35+00:00","breadcrumb":{"@id":"https:\/\/fleischerei-bachhuber.de\/index.php\/aktuelles\/#breadcrumb"},"inLanguage":"de","potentialAction":[{"@type":"ReadAction","target":["https:\/\/fleischerei-bachhuber.de\/index.php\/aktuelles\/"]}]},{"@type":"ImageObject","inLanguage":"de","@id":"https:\/\/fleischerei-bachhuber.de\/index.php\/aktuelles\/#primaryimage","url":"https:\/\/fleischerei-bachhuber.de\/wp-content\/uploads\/2014\/01\/foto-aktuelles.jpg","contentUrl":"https:\/\/fleischerei-bachhuber.de\/wp-content\/uploads\/2014\/01\/foto-aktuelles.jpg","width":750,"height":420,"caption":"Unsere Empfehlungen"},{"@type":"BreadcrumbList","@id":"https:\/\/fleischerei-bachhuber.de\/index.php\/aktuelles\/#breadcrumb","itemListElement":[{"@type":"ListItem","position":1,"name":"Startseite","item":"https:\/\/fleischerei-bachhuber.de\/"},{"@type":"ListItem","position":2,"name":"Aktuelles"}]},{"@type":"WebSite","@id":"https:\/\/fleischerei-bachhuber.de\/#website","url":"https:\/\/fleischerei-bachhuber.de\/","name":"Fleischerei Bachhuber","description":"Ihr Spezialist f\u00fcr Wurst, Fleisch, Gefl\u00fcgel, Wild und Partyservice","publisher":{"@id":"https:\/\/fleischerei-bachhuber.de\/#organization"},"potentialAction":[{"@type":"SearchAction","target":{"@type":"EntryPoint","urlTemplate":"https:\/\/fleischerei-bachhuber.de\/?s={search_term_string}"},"query-input":{"@type":"PropertyValueSpecification","valueRequired":true,"valueName":"search_term_string"}}],"inLanguage":"de"},{"@type":"Organization","@id":"https:\/\/fleischerei-bachhuber.de\/#organization","name":"Fleischerei Bachhuber","url":"https:\/\/fleischerei-bachhuber.de\/","logo":{"@type":"ImageObject","inLanguage":"de","@id":"https:\/\/fleischerei-bachhuber.de\/#\/schema\/logo\/image\/","url":"https:\/\/fleischerei-bachhuber.de\/wp-content\/uploads\/2019\/09\/IMG_5953.jpg","contentUrl":"https:\/\/fleischerei-bachhuber.de\/wp-content\/uploads\/2019\/09\/IMG_5953.jpg","width":1280,"height":786,"caption":"Fleischerei Bachhuber"},"image":{"@id":"https:\/\/fleischerei-bachhuber.de\/#\/schema\/logo\/image\/"}}]}},"_links":{"self":[{"href":"https:\/\/fleischerei-bachhuber.de\/index.php\/wp-json\/wp\/v2\/pages\/11","targetHints":{"allow":["GET"]}}],"collection":[{"href":"https:\/\/fleischerei-bachhuber.de\/index.php\/wp-json\/wp\/v2\/pages"}],"about":[{"href":"https:\/\/fleischerei-bachhuber.de\/index.php\/wp-json\/wp\/v2\/types\/page"}],"author":[{"embeddable":true,"href":"https:\/\/fleischerei-bachhuber.de\/index.php\/wp-json\/wp\/v2\/users\/4"}],"replies":[{"embeddable":true,"href":"https:\/\/fleischerei-bachhuber.de\/index.php\/wp-json\/wp\/v2\/comments?post=11"}],"version-history":[{"count":233,"href":"https:\/\/fleischerei-bachhuber.de\/index.php\/wp-json\/wp\/v2\/pages\/11\/revisions"}],"predecessor-version":[{"id":930,"href":"https:\/\/fleischerei-bachhuber.de\/index.php\/wp-json\/wp\/v2\/pages\/11\/revisions\/930"}],"wp:attachment":[{"href":"https:\/\/fleischerei-bachhuber.de\/index.php\/wp-json\/wp\/v2\/media?parent=11"}],"curies":[{"name":"wp","href":"https:\/\/api.w.org\/{rel}","templated":true}]}}