{"id":16,"date":"2014-01-14T10:44:17","date_gmt":"2014-01-14T09:44:17","guid":{"rendered":"http:\/\/tobiasherrmann.com\/bachhuber\/?page_id=16"},"modified":"2025-09-08T09:15:13","modified_gmt":"2025-09-08T07:15:13","slug":"filialen","status":"publish","type":"page","link":"https:\/\/fleischerei-bachhuber.de\/index.php\/filialen\/","title":{"rendered":"Filialen"},"content":{"rendered":"<p><img loading=\"lazy\" decoding=\"async\" class=\"size-full wp-image-46\" src=\"https:\/\/fleischerei-bachhuber.de\/wp-content\/uploads\/2018\/09\/Fassade-Gu%CC%88nzel-web.jpg\" alt=\"5x f\u00fcr Sie da\" width=\"750\" height=\"420\" \/><\/p>\n<p>&nbsp;<\/p>\n<p><strong>Sie finden die Fleischerei Bachhuber in den folgenden Berliner Bezirken:<\/strong><\/p>\n<p><strong>Neuland Fleischerei Bachhuber in Wilmersdorf<br \/>\n<\/strong>(zertifiziert von NEULAND e.V.)<br \/>\nG\u00fcntzelstra\u00dfe 47<br \/>\n10717 Berlin<br \/>\n<strong>\u00d6ffnungszeiten:<\/strong><br \/>\n<strong>Mo.\u2013Fr.: 8\u201318 Uhr<\/strong><br \/>\n<strong>Sa.: 8\u201313 Uhr<\/strong><br \/>\nTel.: 030\u2013873 21 15<br \/>\nE-Mail: <a href=\"mailto:mail@fleischerei-bachhuber.de\">mail@fleischerei-bachhuber.de<\/a><br \/>\n<a title=\"In Google Maps \u00f6ffnen\" href=\"https:\/\/maps.google.de\/maps?q=G%C3%BCntzelstra%C3%9Fe+47,+Berlin&amp;hl=de&amp;ie=UTF8&amp;ll=52.491196,13.326228&amp;spn=0.000763,0.002064&amp;sll=52.506844,13.424732&amp;sspn=0.827519,2.113495&amp;t=h&amp;hnear=G%C3%BCntzelstra%C3%9Fe+47,+Berlin+10717+Berlin&amp;z=20\" target=\"_blank\" rel=\"noopener noreferrer\"><em>Karte<\/em><\/a><\/p>\n<p><strong>Fleischerei Bachhuber in Lichterfelde<\/strong><br \/>\nBaseler Stra\u00dfe 3<br \/>\n12201 Berlin<br \/>\n<strong>\u00d6ffnungszeiten:<\/strong><br \/>\n<strong>Mo.\u2013Fr.: 8\u201318 Uhr<\/strong><br \/>\n<strong>Sa.: 8\u201313 Uhr<\/strong><br \/>\nTel.: 030\u201393 93 14 23<br \/>\n<a title=\"In Google Maps \u00f6ffnen\" href=\"https:\/\/maps.google.de\/maps?q=baseler+stra%C3%9Fe+3,+Berlin&amp;hl=de&amp;ie=UTF8&amp;sll=52.46941,13.33244&amp;sspn=0.00647,0.016512&amp;t=h&amp;hnear=Baseler+Stra%C3%9Fe+3,+12205+Berlin&amp;z=17\" target=\"_blank\" rel=\"noopener noreferrer\"><em>Karte<\/em><\/a><\/p>\n<p><strong>Fleischerei Bachhuber in Sch\u00f6neberg<\/strong><br \/>\nBayerischer Platz 5<br \/>\n10779 Berlin<br \/>\n<strong>\u00d6ffnungszeiten:<\/strong><br \/>\n<strong>Mo.\u2013Fr.: 9\u201318 Uhr<\/strong><br \/>\n<strong>Sa.: 8\u201313 Uhr<\/strong><br \/>\nTel.: 030\u201323 62 25 37<br \/>\n<a title=\"In Google Maps \u00f6ffnen\" href=\"https:\/\/maps.google.de\/maps?q=bayerischer+Platz+5,+Berlin&amp;hl=de&amp;ll=52.489052,13.338545&amp;spn=0.003234,0.008256&amp;sll=52.491196,13.326228&amp;sspn=0.000763,0.002064&amp;t=h&amp;hnear=Bayerischer+Platz+5,+10779+Berlin&amp;z=18\" target=\"_blank\" rel=\"noopener noreferrer\"><em>Karte<\/em><\/a><\/p>\n<p><strong>Fleischerei Bachhuber in Zehlendorf<\/strong><br \/>\nMexikoplatz 1<br \/>\n14163 Berlin<br \/>\n<strong>\u00d6ffnungszeiten:<\/strong><br \/>\n<strong>Mo.\u2013Fr.: 10\u201318 Uhr<\/strong><strong><br \/>\nSa.: 8\u201313<\/strong><strong>\u00a0Uhr<br \/>\n<\/strong>Tel.: 030\u201393 93 24 05<br \/>\n<a title=\"In Google Maps \u00f6ffnen\" href=\"https:\/\/maps.google.de\/maps?q=mexikoplatz+1,+Berlin&amp;hl=de&amp;sll=52.44298,13.29565&amp;sspn=0.006474,0.016512&amp;t=h&amp;hnear=Mexikoplatz+1,+14163+Berlin&amp;z=17\" target=\"_blank\" rel=\"noopener noreferrer\"><em>Karte<\/em><\/a><\/p>\n<p><strong>Produktion und B\u00fcro in Borgsdorf<\/strong><br \/>\nBahnhofstra\u00dfe 4<br \/>\n16556 Hohen Neuendorf<br \/>\n<strong>\u00d6ffnungszeiten:<\/strong><br \/>\n<strong>Mi.\u2013Fr.: 8\u201318 Uhr<br \/>\n<\/strong><strong>Ausnahme: an Werktagen vor Feiertagen (Ostern\/Weihnachten\/Silvester) ge\u00f6ffnet<br \/>\nSa.: 8\u201313 Uhr<\/strong><br \/>\n<span style=\"text-decoration: underline;\">Mittagstisch:<\/span><br \/>\n<strong>Mi.\u2013Fr.: 11\u201314 Uhr<\/strong><br \/>\nTel.: 03303\u201350 83 15<br \/>\nFax: 03303\u201350 79 82<br \/>\n<a title=\"In Google Maps \u00f6ffnen\" href=\"https:\/\/maps.google.de\/maps?q=Bahnhofstra%C3%9Fe+4,+Hohen+Neuendorf&amp;hl=de&amp;ie=UTF8&amp;sll=52.59,13.285794&amp;sspn=0.006453,0.016512&amp;oq=bahnhofstra%C3%9Fe+4,+hoh&amp;t=h&amp;hnear=Bahnhofstra%C3%9Fe+4,+Borgsdorf+16556+Hohen+Neuendorf&amp;z=17\" target=\"_blank\" rel=\"noopener noreferrer\"><em>Karte<\/em><\/a><\/p>\n<p>&nbsp;<\/p>\n<p>&nbsp;<\/p>\n","protected":false},"excerpt":{"rendered":"<p>&nbsp; Sie finden die Fleischerei Bachhuber in den folgenden Berliner Bezirken: Neuland Fleischerei Bachhuber in Wilmersdorf (zertifiziert von NEULAND e.V.) G\u00fcntzelstra\u00dfe 47 10717 Berlin \u00d6ffnungszeiten: Mo.\u2013Fr.: 8\u201318 Uhr Sa.: 8\u201313 Uhr Tel.: 030\u2013873 21 15 E-Mail: mail@fleischerei-bachhuber.de Karte Fleischerei Bachhuber in Lichterfelde Baseler Stra\u00dfe 3 12201 Berlin \u00d6ffnungszeiten: Mo.\u2013Fr.: 8\u201318 Uhr Sa.: 8\u201313 Uhr Tel.: [&hellip;]<\/p>\n","protected":false},"author":4,"featured_media":0,"parent":0,"menu_order":0,"comment_status":"closed","ping_status":"open","template":"","meta":{"footnotes":""},"class_list":["post-16","page","type-page","status-publish","hentry"],"yoast_head":"<!-- This site is optimized with the Yoast SEO plugin v26.6 - https:\/\/yoast.com\/wordpress\/plugins\/seo\/ -->\n<title>Filialen - Fleischerei Bachhuber<\/title>\n<meta name=\"robots\" content=\"index, follow, max-snippet:-1, max-image-preview:large, max-video-preview:-1\" \/>\n<link rel=\"canonical\" href=\"https:\/\/fleischerei-bachhuber.de\/index.php\/filialen\/\" \/>\n<meta property=\"og:locale\" content=\"de_DE\" \/>\n<meta property=\"og:type\" content=\"article\" \/>\n<meta property=\"og:title\" content=\"Filialen - Fleischerei Bachhuber\" \/>\n<meta property=\"og:description\" content=\"&nbsp; Sie finden die Fleischerei Bachhuber in den folgenden Berliner Bezirken: Neuland Fleischerei Bachhuber in Wilmersdorf (zertifiziert von NEULAND e.V.) G\u00fcntzelstra\u00dfe 47 10717 Berlin \u00d6ffnungszeiten: Mo.\u2013Fr.: 8\u201318 Uhr Sa.: 8\u201313 Uhr Tel.: 030\u2013873 21 15 E-Mail: mail@fleischerei-bachhuber.de Karte Fleischerei Bachhuber in Lichterfelde Baseler Stra\u00dfe 3 12201 Berlin \u00d6ffnungszeiten: Mo.\u2013Fr.: 8\u201318 Uhr Sa.: 8\u201313 Uhr Tel.: [&hellip;]\" \/>\n<meta property=\"og:url\" content=\"https:\/\/fleischerei-bachhuber.de\/index.php\/filialen\/\" \/>\n<meta property=\"og:site_name\" content=\"Fleischerei Bachhuber\" \/>\n<meta property=\"article:modified_time\" content=\"2025-09-08T07:15:13+00:00\" \/>\n<meta property=\"og:image\" content=\"https:\/\/fleischerei-bachhuber.de\/wp-content\/uploads\/2014\/01\/foto-unternehmen.jpg\" \/>\n\t<meta property=\"og:image:width\" content=\"750\" \/>\n\t<meta property=\"og:image:height\" content=\"420\" \/>\n\t<meta property=\"og:image:type\" content=\"image\/jpeg\" \/>\n<meta name=\"twitter:card\" content=\"summary_large_image\" \/>\n<meta name=\"twitter:label1\" content=\"Gesch\u00e4tzte Lesezeit\" \/>\n\t<meta name=\"twitter:data1\" content=\"1\u00a0Minute\" \/>\n<script type=\"application\/ld+json\" class=\"yoast-schema-graph\">{\"@context\":\"https:\/\/schema.org\",\"@graph\":[{\"@type\":\"WebPage\",\"@id\":\"https:\/\/fleischerei-bachhuber.de\/index.php\/filialen\/\",\"url\":\"https:\/\/fleischerei-bachhuber.de\/index.php\/filialen\/\",\"name\":\"Filialen - Fleischerei Bachhuber\",\"isPartOf\":{\"@id\":\"https:\/\/fleischerei-bachhuber.de\/#website\"},\"primaryImageOfPage\":{\"@id\":\"https:\/\/fleischerei-bachhuber.de\/index.php\/filialen\/#primaryimage\"},\"image\":{\"@id\":\"https:\/\/fleischerei-bachhuber.de\/index.php\/filialen\/#primaryimage\"},\"thumbnailUrl\":\"https:\/\/fleischerei-bachhuber.de\/wp-content\/uploads\/2018\/09\/Fassade-Gu%CC%88nzel-web.jpg\",\"datePublished\":\"2014-01-14T09:44:17+00:00\",\"dateModified\":\"2025-09-08T07:15:13+00:00\",\"breadcrumb\":{\"@id\":\"https:\/\/fleischerei-bachhuber.de\/index.php\/filialen\/#breadcrumb\"},\"inLanguage\":\"de\",\"potentialAction\":[{\"@type\":\"ReadAction\",\"target\":[\"https:\/\/fleischerei-bachhuber.de\/index.php\/filialen\/\"]}]},{\"@type\":\"ImageObject\",\"inLanguage\":\"de\",\"@id\":\"https:\/\/fleischerei-bachhuber.de\/index.php\/filialen\/#primaryimage\",\"url\":\"https:\/\/fleischerei-bachhuber.de\/wp-content\/uploads\/2014\/01\/foto-unternehmen.jpg\",\"contentUrl\":\"https:\/\/fleischerei-bachhuber.de\/wp-content\/uploads\/2014\/01\/foto-unternehmen.jpg\",\"width\":750,\"height\":420,\"caption\":\"Das Unternehmen\"},{\"@type\":\"BreadcrumbList\",\"@id\":\"https:\/\/fleischerei-bachhuber.de\/index.php\/filialen\/#breadcrumb\",\"itemListElement\":[{\"@type\":\"ListItem\",\"position\":1,\"name\":\"Startseite\",\"item\":\"https:\/\/fleischerei-bachhuber.de\/\"},{\"@type\":\"ListItem\",\"position\":2,\"name\":\"Filialen\"}]},{\"@type\":\"WebSite\",\"@id\":\"https:\/\/fleischerei-bachhuber.de\/#website\",\"url\":\"https:\/\/fleischerei-bachhuber.de\/\",\"name\":\"Fleischerei Bachhuber\",\"description\":\"Ihr Spezialist f\u00fcr Wurst, Fleisch, Gefl\u00fcgel, Wild und Partyservice\",\"publisher\":{\"@id\":\"https:\/\/fleischerei-bachhuber.de\/#organization\"},\"potentialAction\":[{\"@type\":\"SearchAction\",\"target\":{\"@type\":\"EntryPoint\",\"urlTemplate\":\"https:\/\/fleischerei-bachhuber.de\/?s={search_term_string}\"},\"query-input\":{\"@type\":\"PropertyValueSpecification\",\"valueRequired\":true,\"valueName\":\"search_term_string\"}}],\"inLanguage\":\"de\"},{\"@type\":\"Organization\",\"@id\":\"https:\/\/fleischerei-bachhuber.de\/#organization\",\"name\":\"Fleischerei Bachhuber\",\"url\":\"https:\/\/fleischerei-bachhuber.de\/\",\"logo\":{\"@type\":\"ImageObject\",\"inLanguage\":\"de\",\"@id\":\"https:\/\/fleischerei-bachhuber.de\/#\/schema\/logo\/image\/\",\"url\":\"https:\/\/fleischerei-bachhuber.de\/wp-content\/uploads\/2019\/09\/IMG_5953.jpg\",\"contentUrl\":\"https:\/\/fleischerei-bachhuber.de\/wp-content\/uploads\/2019\/09\/IMG_5953.jpg\",\"width\":1280,\"height\":786,\"caption\":\"Fleischerei Bachhuber\"},\"image\":{\"@id\":\"https:\/\/fleischerei-bachhuber.de\/#\/schema\/logo\/image\/\"}}]}<\/script>\n<!-- \/ Yoast SEO plugin. -->","yoast_head_json":{"title":"Filialen - Fleischerei Bachhuber","robots":{"index":"index","follow":"follow","max-snippet":"max-snippet:-1","max-image-preview":"max-image-preview:large","max-video-preview":"max-video-preview:-1"},"canonical":"https:\/\/fleischerei-bachhuber.de\/index.php\/filialen\/","og_locale":"de_DE","og_type":"article","og_title":"Filialen - Fleischerei Bachhuber","og_description":"&nbsp; Sie finden die Fleischerei Bachhuber in den folgenden Berliner Bezirken: Neuland Fleischerei Bachhuber in Wilmersdorf (zertifiziert von NEULAND e.V.) G\u00fcntzelstra\u00dfe 47 10717 Berlin \u00d6ffnungszeiten: Mo.\u2013Fr.: 8\u201318 Uhr Sa.: 8\u201313 Uhr Tel.: 030\u2013873 21 15 E-Mail: mail@fleischerei-bachhuber.de Karte Fleischerei Bachhuber in Lichterfelde Baseler Stra\u00dfe 3 12201 Berlin \u00d6ffnungszeiten: Mo.\u2013Fr.: 8\u201318 Uhr Sa.: 8\u201313 Uhr Tel.: [&hellip;]","og_url":"https:\/\/fleischerei-bachhuber.de\/index.php\/filialen\/","og_site_name":"Fleischerei Bachhuber","article_modified_time":"2025-09-08T07:15:13+00:00","og_image":[{"width":750,"height":420,"url":"https:\/\/fleischerei-bachhuber.de\/wp-content\/uploads\/2014\/01\/foto-unternehmen.jpg","type":"image\/jpeg"}],"twitter_card":"summary_large_image","twitter_misc":{"Gesch\u00e4tzte Lesezeit":"1\u00a0Minute"},"schema":{"@context":"https:\/\/schema.org","@graph":[{"@type":"WebPage","@id":"https:\/\/fleischerei-bachhuber.de\/index.php\/filialen\/","url":"https:\/\/fleischerei-bachhuber.de\/index.php\/filialen\/","name":"Filialen - Fleischerei Bachhuber","isPartOf":{"@id":"https:\/\/fleischerei-bachhuber.de\/#website"},"primaryImageOfPage":{"@id":"https:\/\/fleischerei-bachhuber.de\/index.php\/filialen\/#primaryimage"},"image":{"@id":"https:\/\/fleischerei-bachhuber.de\/index.php\/filialen\/#primaryimage"},"thumbnailUrl":"https:\/\/fleischerei-bachhuber.de\/wp-content\/uploads\/2018\/09\/Fassade-Gu%CC%88nzel-web.jpg","datePublished":"2014-01-14T09:44:17+00:00","dateModified":"2025-09-08T07:15:13+00:00","breadcrumb":{"@id":"https:\/\/fleischerei-bachhuber.de\/index.php\/filialen\/#breadcrumb"},"inLanguage":"de","potentialAction":[{"@type":"ReadAction","target":["https:\/\/fleischerei-bachhuber.de\/index.php\/filialen\/"]}]},{"@type":"ImageObject","inLanguage":"de","@id":"https:\/\/fleischerei-bachhuber.de\/index.php\/filialen\/#primaryimage","url":"https:\/\/fleischerei-bachhuber.de\/wp-content\/uploads\/2014\/01\/foto-unternehmen.jpg","contentUrl":"https:\/\/fleischerei-bachhuber.de\/wp-content\/uploads\/2014\/01\/foto-unternehmen.jpg","width":750,"height":420,"caption":"Das Unternehmen"},{"@type":"BreadcrumbList","@id":"https:\/\/fleischerei-bachhuber.de\/index.php\/filialen\/#breadcrumb","itemListElement":[{"@type":"ListItem","position":1,"name":"Startseite","item":"https:\/\/fleischerei-bachhuber.de\/"},{"@type":"ListItem","position":2,"name":"Filialen"}]},{"@type":"WebSite","@id":"https:\/\/fleischerei-bachhuber.de\/#website","url":"https:\/\/fleischerei-bachhuber.de\/","name":"Fleischerei Bachhuber","description":"Ihr Spezialist f\u00fcr Wurst, Fleisch, Gefl\u00fcgel, Wild und Partyservice","publisher":{"@id":"https:\/\/fleischerei-bachhuber.de\/#organization"},"potentialAction":[{"@type":"SearchAction","target":{"@type":"EntryPoint","urlTemplate":"https:\/\/fleischerei-bachhuber.de\/?s={search_term_string}"},"query-input":{"@type":"PropertyValueSpecification","valueRequired":true,"valueName":"search_term_string"}}],"inLanguage":"de"},{"@type":"Organization","@id":"https:\/\/fleischerei-bachhuber.de\/#organization","name":"Fleischerei Bachhuber","url":"https:\/\/fleischerei-bachhuber.de\/","logo":{"@type":"ImageObject","inLanguage":"de","@id":"https:\/\/fleischerei-bachhuber.de\/#\/schema\/logo\/image\/","url":"https:\/\/fleischerei-bachhuber.de\/wp-content\/uploads\/2019\/09\/IMG_5953.jpg","contentUrl":"https:\/\/fleischerei-bachhuber.de\/wp-content\/uploads\/2019\/09\/IMG_5953.jpg","width":1280,"height":786,"caption":"Fleischerei Bachhuber"},"image":{"@id":"https:\/\/fleischerei-bachhuber.de\/#\/schema\/logo\/image\/"}}]}},"_links":{"self":[{"href":"https:\/\/fleischerei-bachhuber.de\/index.php\/wp-json\/wp\/v2\/pages\/16","targetHints":{"allow":["GET"]}}],"collection":[{"href":"https:\/\/fleischerei-bachhuber.de\/index.php\/wp-json\/wp\/v2\/pages"}],"about":[{"href":"https:\/\/fleischerei-bachhuber.de\/index.php\/wp-json\/wp\/v2\/types\/page"}],"author":[{"embeddable":true,"href":"https:\/\/fleischerei-bachhuber.de\/index.php\/wp-json\/wp\/v2\/users\/4"}],"replies":[{"embeddable":true,"href":"https:\/\/fleischerei-bachhuber.de\/index.php\/wp-json\/wp\/v2\/comments?post=16"}],"version-history":[{"count":56,"href":"https:\/\/fleischerei-bachhuber.de\/index.php\/wp-json\/wp\/v2\/pages\/16\/revisions"}],"predecessor-version":[{"id":888,"href":"https:\/\/fleischerei-bachhuber.de\/index.php\/wp-json\/wp\/v2\/pages\/16\/revisions\/888"}],"wp:attachment":[{"href":"https:\/\/fleischerei-bachhuber.de\/index.php\/wp-json\/wp\/v2\/media?parent=16"}],"curies":[{"name":"wp","href":"https:\/\/api.w.org\/{rel}","templated":true}]}}