{"id":21,"date":"2014-01-14T10:58:36","date_gmt":"2014-01-14T09:58:36","guid":{"rendered":"http:\/\/tobiasherrmann.com\/bachhuber\/?page_id=21"},"modified":"2022-11-16T14:31:56","modified_gmt":"2022-11-16T13:31:56","slug":"unsere-quellen","status":"publish","type":"page","link":"https:\/\/fleischerei-bachhuber.de\/index.php\/unsere-quellen\/","title":{"rendered":"Unsere Quellen"},"content":{"rendered":"<p><img loading=\"lazy\" decoding=\"async\" class=\"alignnone size-full wp-image-45\" src=\"https:\/\/fleischerei-bachhuber.de\/wp-content\/uploads\/2016\/03\/Bachhuber-Quellen-2016.jpg\" alt=\"Artgerechte Tierhaltung\" width=\"750\" height=\"420\" \/><\/p>\n<p><strong>Unsere Quellen<\/strong><\/p>\n<p style=\"text-align: left;\"><img loading=\"lazy\" decoding=\"async\" class=\"wp-image-234 alignleft\" src=\"https:\/\/fleischerei-bachhuber.de\/wp-content\/uploads\/2014\/01\/Poire-Loue-allemand-2014_2.png\" alt=\"Poire Loue allemand 2014_2\" width=\"227\" height=\"335\" \/><\/p>\n<p style=\"text-align: left;\">Warum beziehen wir einen gro\u00dfen Teil unseres Gefl\u00fcgels aus Frankreich? Weil sich die <strong>Fermiers (Bauern) de Lou\u00e9<\/strong> in dieser besonders klimatisch milden Region besonders hehren Zielen in der Gefl\u00fcgelzucht verpflichtet haben. Dazu geh\u00f6ren stets ge\u00f6ffnete, ger\u00e4umige Stallungen ohne Stallpflicht, Auslauf der Tiere auf unbegrenzten Fl\u00e4chen nach Vorschriften der biologischen Landwirtschaft ebenso wie die St\u00e4rkung der tierischen Abwehrkr\u00e4fte durch Naturheilkunde und die Eigenver-<br \/>\npflichtung, ihre verbrauchte Ressourcen der Natur zur\u00fcckzugeben (z.B. Pflanzung von B\u00e4umen gegen drohende Erosionen, gro\u00dffl\u00e4chige Solarzellen- und Winturbineninstallationen auf dem eigenen Gel\u00e4nde).<br \/>\nUnd da unserer Meinung nach diese Art der Haltung und Zucht hierzulande \u2013 besonders in den ben\u00f6tigten Mengen \u2013 qualitativ noch ihresgleichen sucht, vertrauen wir dem <strong>Freilandgefl\u00fcgel der Fermiers de Lou\u00e9<\/strong>. Dieses Vertrauen kann sich schmecken lassen: Bei Gans, Ente, H\u00e4hnchen, Puten von Bachhuber.<\/p>\n<p style=\"text-align: left;\"><strong>Zum Weihnachtsfest erg\u00e4nzen wir unser Gefl\u00fcgelangebot<\/strong> f\u00fcr unsere saisonalen Gen\u00fcsse um <strong>Markeruper<\/strong> G\u00e4nse, Enten und Butterh\u00e4hnchen (dem sogenannten Fettgefl\u00fcgel) <strong>aus dem Hause Klingenhoff in Schleswig-Holstein<\/strong>, das ebenso auf Schnellmast verzichtet und seine Philosophie (tiergerechte Aufzucht bei viel Platz und Licht, ausgewogenes Futter und kurze Schlachtwege) f\u00fcr einen verantwortungsvollen Genuss lebt.<\/p>\n<p><img loading=\"lazy\" decoding=\"async\" class=\"wp-image-228 alignleft\" src=\"https:\/\/fleischerei-bachhuber.de\/wp-content\/uploads\/2014\/01\/delta_dry_aged_logo.png\" alt=\"delta_dry_aged_logo\" width=\"229\" height=\"147\" \/><\/p>\n<p><strong>Delta<\/strong> versteht Fleisch als Naturprodukt, das eben auch nat\u00fcrlich reifen muss. So versteht sich von selbst, dass n\u00e4hrstoffreiche F\u00fctterung und vor allem artgerechte Haltung in der Natur die <strong>Urspr\u00fcnglichkeit des Rindfleischs<\/strong>, das wir von Delta beziehen, erst erm\u00f6glicht. Das <strong>Feersisch Rind <\/strong>grast so in den Sommermonaten auf den jodhaltigen, saftig-satten Salzwiesen Norddeutschlands und bekommt selbst im Winter ausschlie\u00dflich Heu, Gras und Getreide. Doch auch in der sp\u00e4teren Verarbeitung besinnt sich Delta auf Urspr\u00fcnglichkeit: Durch die einst \u00fcbliche, bis zu sechs Wochen andauernde Trockenreifung am Knochen (<strong>dry aged<\/strong>) verliert das Fleisch zwar rund 20 % seines Eigengewichts, bewahrt seinen Saft jedoch in seiner Reifehaut. Eine Tatsache, die sich geschmacklich bezahlt macht.<br \/>\nAuch das <strong>Pommersche Rind<\/strong>, das uns Delta aus Mecklenburg-Vorpommern und Polen zur Verf\u00fcgung stellt, reift sorgsam in artgerechter Haltung und kommt dry aged in unsere Theken.<\/p>\n<p><img loading=\"lazy\" decoding=\"async\" class=\"wp-image-241 alignleft\" src=\"https:\/\/fleischerei-bachhuber.de\/wp-content\/uploads\/2014\/01\/besh_oGen_400.jpg\" alt=\"besh_oGen_400\" width=\"231\" height=\"145\" \/><\/p>\n<p>Wie der Name es schon verr\u00e4t, versteht sich die<strong> B\u00e4uerliche Erzeugergemeinschaft Schw\u00e4bisch-Hall<\/strong> (BESH) als Vereinigung der (Hohenloher) Landwirte mit gemeinsamen Zielen. Die der BESH angeschlossenen 1.500 H\u00f6fe z\u00fcchten Qualit\u00e4tsfleisch, das von \u00d6ko-Test mit \u00bbsehr gut\u00ab bewertet wurde, und haben sich 2005 gleichsam um den F\u00f6rderpreis \u00bbPro Tier\u00ab verdient gemacht.<br \/>\nDas Schweinefleisch, das wir f\u00fcr Sie bei der Fleischerei Bachhuber von BESH beziehen, entstammt den \u00bbMohrenk\u00f6pfle\u00ab genannten <strong>Schw\u00e4bisch-Haller Landschweinen<\/strong>, einer in den 1980er Jahren nahezu ausgestorbenen Rasse, die durch die Hohenloher Bauern durch eine Zuchtinitiative erhalten werden konnte und mittlerweile als <strong>Schw\u00e4bisch H\u00e4llisches Qualit\u00e4tsschweinefleisch<\/strong> g.g.A. eine geografische Herkunftsbezeichnung ist. Die Schweine mit der charakteristischen schwarzen Kopff\u00e4rbung, die ihnen auch ihren Spitznamen gab, gelten als eine besonders robuste und stressresistente Rasse. Sie verf\u00fcgen \u00fcber gr\u00f6\u00dftm\u00f6glichen Freilauf auf den b\u00e4uerlichen H\u00f6fen, ihre St\u00e4lle sind hell, luftig und ausschlie\u00dflich mit Stroh bestreut. Und wie es sich geh\u00f6rt, verzichten alle Bauern auch hier auf Masthilfsstoffe, Antibiotika und Gen-Tech-Food zugunsten der F\u00fctterung von betriebseigenen Getreidesorten mit vitaminisiertem Futterkalk, regionalem Futter sowie Erbsen- und Bohnenschrot (zur Eiwei\u00dferg\u00e4nzung). Und selbst der Weg zur Schlachtung ist hier so kurz und damit schonend wie nur irgend m\u00f6glich.<\/p>\n<p><img loading=\"lazy\" decoding=\"async\" class=\"wp-image-230 alignleft\" src=\"https:\/\/fleischerei-bachhuber.de\/wp-content\/uploads\/2014\/01\/150507-nabu-siegel-neuland.png\" alt=\"150507-nabu-siegel-neuland\" width=\"232\" height=\"155\" \/><\/p>\n<p>Trotz nunmehr breiterer Aufstellung unserer sorgsam gew\u00e4hlten Bezugsquellen m\u00fcssen unsere Kunden nat\u00fcrlich keineswegs auf <strong>bew\u00e4hrtes<\/strong> <strong>Neulandfleisch<\/strong> <strong>aus besonders artgerechter Tierhaltung<\/strong> verzichten: Nicht nur in unserer Neuland-Filiale in der G\u00fcntzelstra\u00dfe bekommen Sie Fleisch von Neuland \u2013 auch in den anderen Filialen m\u00fcssen Sie auf Neulandqualit\u00e4t nicht verzichten. Von zertifizierten Neuland-Bauern beziehen wir auch dort\u00a0<strong>Lammfleisch sowie Rind- und Schweinespezialit\u00e4ten <\/strong>aus sorgsamer Zucht mit ganzj\u00e4hrigem Freilauf sowie strengem Verzicht von Fixierung oder Anbindung, mit F\u00fctterung ausschlie\u00dflich regionaler Futtermittel ohne Verwendung von Gentechnik sowie Antibiotika und mit besonders kurzen Lieferwegen durch regionale H\u00f6fe.<\/p>\n<p>Zu guter Letzt geh\u00f6ren auch <strong>kleine H\u00f6fe mit naturnaher und nachhaltiger Tierhaltung <\/strong>zu unseren <strong>Quellen<\/strong>, die um unsere Stadt herum f\u00fcr \u00d6ko-Landbau mit regionaler Verarbeitung und kurze Lieferwege einstehen.<\/p>\n","protected":false},"excerpt":{"rendered":"<p>Unsere Quellen Warum beziehen wir einen gro\u00dfen Teil unseres Gefl\u00fcgels aus Frankreich? Weil sich die Fermiers (Bauern) de Lou\u00e9 in dieser besonders klimatisch milden Region besonders hehren Zielen in der Gefl\u00fcgelzucht verpflichtet haben. Dazu geh\u00f6ren stets ge\u00f6ffnete, ger\u00e4umige Stallungen ohne Stallpflicht, Auslauf der Tiere auf unbegrenzten Fl\u00e4chen nach Vorschriften der biologischen Landwirtschaft ebenso wie die [&hellip;]<\/p>\n","protected":false},"author":4,"featured_media":0,"parent":0,"menu_order":0,"comment_status":"closed","ping_status":"open","template":"","meta":{"footnotes":""},"class_list":["post-21","page","type-page","status-publish","hentry"],"yoast_head":"<!-- This site is optimized with the Yoast SEO plugin v26.6 - https:\/\/yoast.com\/wordpress\/plugins\/seo\/ -->\n<title>Unsere Quellen - Fleischerei Bachhuber<\/title>\n<meta name=\"robots\" content=\"index, follow, max-snippet:-1, max-image-preview:large, max-video-preview:-1\" \/>\n<link rel=\"canonical\" href=\"https:\/\/fleischerei-bachhuber.de\/index.php\/unsere-quellen\/\" \/>\n<meta property=\"og:locale\" content=\"de_DE\" \/>\n<meta property=\"og:type\" content=\"article\" \/>\n<meta property=\"og:title\" content=\"Unsere Quellen - Fleischerei Bachhuber\" \/>\n<meta property=\"og:description\" content=\"Unsere Quellen Warum beziehen wir einen gro\u00dfen Teil unseres Gefl\u00fcgels aus Frankreich? Weil sich die Fermiers (Bauern) de Lou\u00e9 in dieser besonders klimatisch milden Region besonders hehren Zielen in der Gefl\u00fcgelzucht verpflichtet haben. Dazu geh\u00f6ren stets ge\u00f6ffnete, ger\u00e4umige Stallungen ohne Stallpflicht, Auslauf der Tiere auf unbegrenzten Fl\u00e4chen nach Vorschriften der biologischen Landwirtschaft ebenso wie die [&hellip;]\" \/>\n<meta property=\"og:url\" content=\"https:\/\/fleischerei-bachhuber.de\/index.php\/unsere-quellen\/\" \/>\n<meta property=\"og:site_name\" content=\"Fleischerei Bachhuber\" \/>\n<meta property=\"article:modified_time\" content=\"2022-11-16T13:31:56+00:00\" \/>\n<meta property=\"og:image\" content=\"https:\/\/fleischerei-bachhuber.de\/wp-content\/uploads\/2016\/03\/Bachhuber-Quellen-2016.jpg\" \/>\n<meta name=\"twitter:card\" content=\"summary_large_image\" \/>\n<meta name=\"twitter:label1\" content=\"Gesch\u00e4tzte Lesezeit\" \/>\n\t<meta name=\"twitter:data1\" content=\"3\u00a0Minuten\" \/>\n<script type=\"application\/ld+json\" class=\"yoast-schema-graph\">{\"@context\":\"https:\/\/schema.org\",\"@graph\":[{\"@type\":\"WebPage\",\"@id\":\"https:\/\/fleischerei-bachhuber.de\/index.php\/unsere-quellen\/\",\"url\":\"https:\/\/fleischerei-bachhuber.de\/index.php\/unsere-quellen\/\",\"name\":\"Unsere Quellen - Fleischerei Bachhuber\",\"isPartOf\":{\"@id\":\"https:\/\/fleischerei-bachhuber.de\/#website\"},\"primaryImageOfPage\":{\"@id\":\"https:\/\/fleischerei-bachhuber.de\/index.php\/unsere-quellen\/#primaryimage\"},\"image\":{\"@id\":\"https:\/\/fleischerei-bachhuber.de\/index.php\/unsere-quellen\/#primaryimage\"},\"thumbnailUrl\":\"https:\/\/fleischerei-bachhuber.de\/wp-content\/uploads\/2016\/03\/Bachhuber-Quellen-2016.jpg\",\"datePublished\":\"2014-01-14T09:58:36+00:00\",\"dateModified\":\"2022-11-16T13:31:56+00:00\",\"breadcrumb\":{\"@id\":\"https:\/\/fleischerei-bachhuber.de\/index.php\/unsere-quellen\/#breadcrumb\"},\"inLanguage\":\"de\",\"potentialAction\":[{\"@type\":\"ReadAction\",\"target\":[\"https:\/\/fleischerei-bachhuber.de\/index.php\/unsere-quellen\/\"]}]},{\"@type\":\"ImageObject\",\"inLanguage\":\"de\",\"@id\":\"https:\/\/fleischerei-bachhuber.de\/index.php\/unsere-quellen\/#primaryimage\",\"url\":\"https:\/\/fleischerei-bachhuber.de\/wp-content\/uploads\/2016\/03\/Bachhuber-Quellen-2016.jpg\",\"contentUrl\":\"https:\/\/fleischerei-bachhuber.de\/wp-content\/uploads\/2016\/03\/Bachhuber-Quellen-2016.jpg\",\"width\":750,\"height\":420,\"caption\":\"Qualit\u00e4tsfleisch\"},{\"@type\":\"BreadcrumbList\",\"@id\":\"https:\/\/fleischerei-bachhuber.de\/index.php\/unsere-quellen\/#breadcrumb\",\"itemListElement\":[{\"@type\":\"ListItem\",\"position\":1,\"name\":\"Startseite\",\"item\":\"https:\/\/fleischerei-bachhuber.de\/\"},{\"@type\":\"ListItem\",\"position\":2,\"name\":\"Unsere Quellen\"}]},{\"@type\":\"WebSite\",\"@id\":\"https:\/\/fleischerei-bachhuber.de\/#website\",\"url\":\"https:\/\/fleischerei-bachhuber.de\/\",\"name\":\"Fleischerei Bachhuber\",\"description\":\"Ihr Spezialist f\u00fcr Wurst, Fleisch, Gefl\u00fcgel, Wild und Partyservice\",\"publisher\":{\"@id\":\"https:\/\/fleischerei-bachhuber.de\/#organization\"},\"potentialAction\":[{\"@type\":\"SearchAction\",\"target\":{\"@type\":\"EntryPoint\",\"urlTemplate\":\"https:\/\/fleischerei-bachhuber.de\/?s={search_term_string}\"},\"query-input\":{\"@type\":\"PropertyValueSpecification\",\"valueRequired\":true,\"valueName\":\"search_term_string\"}}],\"inLanguage\":\"de\"},{\"@type\":\"Organization\",\"@id\":\"https:\/\/fleischerei-bachhuber.de\/#organization\",\"name\":\"Fleischerei Bachhuber\",\"url\":\"https:\/\/fleischerei-bachhuber.de\/\",\"logo\":{\"@type\":\"ImageObject\",\"inLanguage\":\"de\",\"@id\":\"https:\/\/fleischerei-bachhuber.de\/#\/schema\/logo\/image\/\",\"url\":\"https:\/\/fleischerei-bachhuber.de\/wp-content\/uploads\/2019\/09\/IMG_5953.jpg\",\"contentUrl\":\"https:\/\/fleischerei-bachhuber.de\/wp-content\/uploads\/2019\/09\/IMG_5953.jpg\",\"width\":1280,\"height\":786,\"caption\":\"Fleischerei Bachhuber\"},\"image\":{\"@id\":\"https:\/\/fleischerei-bachhuber.de\/#\/schema\/logo\/image\/\"}}]}<\/script>\n<!-- \/ Yoast SEO plugin. -->","yoast_head_json":{"title":"Unsere Quellen - Fleischerei Bachhuber","robots":{"index":"index","follow":"follow","max-snippet":"max-snippet:-1","max-image-preview":"max-image-preview:large","max-video-preview":"max-video-preview:-1"},"canonical":"https:\/\/fleischerei-bachhuber.de\/index.php\/unsere-quellen\/","og_locale":"de_DE","og_type":"article","og_title":"Unsere Quellen - Fleischerei Bachhuber","og_description":"Unsere Quellen Warum beziehen wir einen gro\u00dfen Teil unseres Gefl\u00fcgels aus Frankreich? Weil sich die Fermiers (Bauern) de Lou\u00e9 in dieser besonders klimatisch milden Region besonders hehren Zielen in der Gefl\u00fcgelzucht verpflichtet haben. Dazu geh\u00f6ren stets ge\u00f6ffnete, ger\u00e4umige Stallungen ohne Stallpflicht, Auslauf der Tiere auf unbegrenzten Fl\u00e4chen nach Vorschriften der biologischen Landwirtschaft ebenso wie die [&hellip;]","og_url":"https:\/\/fleischerei-bachhuber.de\/index.php\/unsere-quellen\/","og_site_name":"Fleischerei Bachhuber","article_modified_time":"2022-11-16T13:31:56+00:00","og_image":[{"url":"https:\/\/fleischerei-bachhuber.de\/wp-content\/uploads\/2016\/03\/Bachhuber-Quellen-2016.jpg","type":"","width":"","height":""}],"twitter_card":"summary_large_image","twitter_misc":{"Gesch\u00e4tzte Lesezeit":"3\u00a0Minuten"},"schema":{"@context":"https:\/\/schema.org","@graph":[{"@type":"WebPage","@id":"https:\/\/fleischerei-bachhuber.de\/index.php\/unsere-quellen\/","url":"https:\/\/fleischerei-bachhuber.de\/index.php\/unsere-quellen\/","name":"Unsere Quellen - Fleischerei Bachhuber","isPartOf":{"@id":"https:\/\/fleischerei-bachhuber.de\/#website"},"primaryImageOfPage":{"@id":"https:\/\/fleischerei-bachhuber.de\/index.php\/unsere-quellen\/#primaryimage"},"image":{"@id":"https:\/\/fleischerei-bachhuber.de\/index.php\/unsere-quellen\/#primaryimage"},"thumbnailUrl":"https:\/\/fleischerei-bachhuber.de\/wp-content\/uploads\/2016\/03\/Bachhuber-Quellen-2016.jpg","datePublished":"2014-01-14T09:58:36+00:00","dateModified":"2022-11-16T13:31:56+00:00","breadcrumb":{"@id":"https:\/\/fleischerei-bachhuber.de\/index.php\/unsere-quellen\/#breadcrumb"},"inLanguage":"de","potentialAction":[{"@type":"ReadAction","target":["https:\/\/fleischerei-bachhuber.de\/index.php\/unsere-quellen\/"]}]},{"@type":"ImageObject","inLanguage":"de","@id":"https:\/\/fleischerei-bachhuber.de\/index.php\/unsere-quellen\/#primaryimage","url":"https:\/\/fleischerei-bachhuber.de\/wp-content\/uploads\/2016\/03\/Bachhuber-Quellen-2016.jpg","contentUrl":"https:\/\/fleischerei-bachhuber.de\/wp-content\/uploads\/2016\/03\/Bachhuber-Quellen-2016.jpg","width":750,"height":420,"caption":"Qualit\u00e4tsfleisch"},{"@type":"BreadcrumbList","@id":"https:\/\/fleischerei-bachhuber.de\/index.php\/unsere-quellen\/#breadcrumb","itemListElement":[{"@type":"ListItem","position":1,"name":"Startseite","item":"https:\/\/fleischerei-bachhuber.de\/"},{"@type":"ListItem","position":2,"name":"Unsere Quellen"}]},{"@type":"WebSite","@id":"https:\/\/fleischerei-bachhuber.de\/#website","url":"https:\/\/fleischerei-bachhuber.de\/","name":"Fleischerei Bachhuber","description":"Ihr Spezialist f\u00fcr Wurst, Fleisch, Gefl\u00fcgel, Wild und Partyservice","publisher":{"@id":"https:\/\/fleischerei-bachhuber.de\/#organization"},"potentialAction":[{"@type":"SearchAction","target":{"@type":"EntryPoint","urlTemplate":"https:\/\/fleischerei-bachhuber.de\/?s={search_term_string}"},"query-input":{"@type":"PropertyValueSpecification","valueRequired":true,"valueName":"search_term_string"}}],"inLanguage":"de"},{"@type":"Organization","@id":"https:\/\/fleischerei-bachhuber.de\/#organization","name":"Fleischerei Bachhuber","url":"https:\/\/fleischerei-bachhuber.de\/","logo":{"@type":"ImageObject","inLanguage":"de","@id":"https:\/\/fleischerei-bachhuber.de\/#\/schema\/logo\/image\/","url":"https:\/\/fleischerei-bachhuber.de\/wp-content\/uploads\/2019\/09\/IMG_5953.jpg","contentUrl":"https:\/\/fleischerei-bachhuber.de\/wp-content\/uploads\/2019\/09\/IMG_5953.jpg","width":1280,"height":786,"caption":"Fleischerei Bachhuber"},"image":{"@id":"https:\/\/fleischerei-bachhuber.de\/#\/schema\/logo\/image\/"}}]}},"_links":{"self":[{"href":"https:\/\/fleischerei-bachhuber.de\/index.php\/wp-json\/wp\/v2\/pages\/21","targetHints":{"allow":["GET"]}}],"collection":[{"href":"https:\/\/fleischerei-bachhuber.de\/index.php\/wp-json\/wp\/v2\/pages"}],"about":[{"href":"https:\/\/fleischerei-bachhuber.de\/index.php\/wp-json\/wp\/v2\/types\/page"}],"author":[{"embeddable":true,"href":"https:\/\/fleischerei-bachhuber.de\/index.php\/wp-json\/wp\/v2\/users\/4"}],"replies":[{"embeddable":true,"href":"https:\/\/fleischerei-bachhuber.de\/index.php\/wp-json\/wp\/v2\/comments?post=21"}],"version-history":[{"count":19,"href":"https:\/\/fleischerei-bachhuber.de\/index.php\/wp-json\/wp\/v2\/pages\/21\/revisions"}],"predecessor-version":[{"id":705,"href":"https:\/\/fleischerei-bachhuber.de\/index.php\/wp-json\/wp\/v2\/pages\/21\/revisions\/705"}],"wp:attachment":[{"href":"https:\/\/fleischerei-bachhuber.de\/index.php\/wp-json\/wp\/v2\/media?parent=21"}],"curies":[{"name":"wp","href":"https:\/\/api.w.org\/{rel}","templated":true}]}}