{"id":34,"date":"2014-01-14T11:11:49","date_gmt":"2014-01-14T10:11:49","guid":{"rendered":"http:\/\/tobiasherrmann.com\/bachhuber\/?page_id=34"},"modified":"2018-05-22T19:50:09","modified_gmt":"2018-05-22T17:50:09","slug":"kontakt","status":"publish","type":"page","link":"https:\/\/fleischerei-bachhuber.de\/index.php\/kontakt\/","title":{"rendered":"Kontakt"},"content":{"rendered":"<p><img loading=\"lazy\" decoding=\"async\" class=\"alignnone size-full wp-image-37\" src=\"https:\/\/fleischerei-bachhuber.de\/wp-content\/uploads\/2014\/01\/foto-start.jpg\" alt=\"Spezialist f\u00fcr Fleisch und Wurst\" width=\"750\" height=\"420\" srcset=\"https:\/\/fleischerei-bachhuber.de\/wp-content\/uploads\/2014\/01\/foto-start.jpg 750w, https:\/\/fleischerei-bachhuber.de\/wp-content\/uploads\/2014\/01\/foto-start-300x168.jpg 300w\" sizes=\"auto, (max-width: 750px) 100vw, 750px\" \/><\/p>\n<p><strong>Fleischerei J\u00fcrgen Bachhuber GmbH<\/strong><br \/>\nG\u00fcntzelstra\u00dfe 47<br \/>\n10717 Berlin<br \/>\nGesch\u00e4ftsf\u00fchrung: Gabriela Klapproth<\/p>\n<p>Tel.: 030 873 21 15<br \/>\nFax: 030 873 95 34<br \/>\nE-Mail: <a href=\"mailto:mail@fleischerei-bachhuber.de\">mail@fleischerei-bachhuber.de<\/a><\/p>\n<p><strong>Hinweis:<\/strong> Da wir mehr Zeit an unseren Verkaufstresen verbringen als im B\u00fcro, bitten wir um Verst\u00e4ndnis, dass wir f\u00fcr die schriftliche Beantwortung Ihres Anliegens rund 48 Stunden ben\u00f6tigen.<br \/>\nSollten Sie es jedoch eiliger haben, nehmen Sie daher telefonischen Kontakt mit Ihrer Filiale auf.<br \/>\nHerzlichen Dank f\u00fcr Ihr Verst\u00e4ndnis!<\/p>\n","protected":false},"excerpt":{"rendered":"<p>Fleischerei J\u00fcrgen Bachhuber GmbH G\u00fcntzelstra\u00dfe 47 10717 Berlin Gesch\u00e4ftsf\u00fchrung: Gabriela Klapproth Tel.: 030 873 21 15 Fax: 030 873 95 34 E-Mail: mail@fleischerei-bachhuber.de Hinweis: Da wir mehr Zeit an unseren Verkaufstresen verbringen als im B\u00fcro, bitten wir um Verst\u00e4ndnis, dass wir f\u00fcr die schriftliche Beantwortung Ihres Anliegens rund 48 Stunden ben\u00f6tigen. Sollten Sie es jedoch [&hellip;]<\/p>\n","protected":false},"author":4,"featured_media":0,"parent":0,"menu_order":0,"comment_status":"closed","ping_status":"open","template":"","meta":{"footnotes":""},"class_list":["post-34","page","type-page","status-publish","hentry"],"yoast_head":"<!-- This site is optimized with the Yoast SEO plugin v26.6 - https:\/\/yoast.com\/wordpress\/plugins\/seo\/ -->\n<title>Kontakt - Fleischerei Bachhuber<\/title>\n<meta name=\"robots\" content=\"index, follow, max-snippet:-1, max-image-preview:large, max-video-preview:-1\" \/>\n<link rel=\"canonical\" href=\"https:\/\/fleischerei-bachhuber.de\/index.php\/kontakt\/\" \/>\n<meta property=\"og:locale\" content=\"de_DE\" \/>\n<meta property=\"og:type\" content=\"article\" \/>\n<meta property=\"og:title\" content=\"Kontakt - Fleischerei Bachhuber\" \/>\n<meta property=\"og:description\" content=\"Fleischerei J\u00fcrgen Bachhuber GmbH G\u00fcntzelstra\u00dfe 47 10717 Berlin Gesch\u00e4ftsf\u00fchrung: Gabriela Klapproth Tel.: 030 873 21 15 Fax: 030 873 95 34 E-Mail: mail@fleischerei-bachhuber.de Hinweis: Da wir mehr Zeit an unseren Verkaufstresen verbringen als im B\u00fcro, bitten wir um Verst\u00e4ndnis, dass wir f\u00fcr die schriftliche Beantwortung Ihres Anliegens rund 48 Stunden ben\u00f6tigen. Sollten Sie es jedoch [&hellip;]\" \/>\n<meta property=\"og:url\" content=\"https:\/\/fleischerei-bachhuber.de\/index.php\/kontakt\/\" \/>\n<meta property=\"og:site_name\" content=\"Fleischerei Bachhuber\" \/>\n<meta property=\"article:modified_time\" content=\"2018-05-22T17:50:09+00:00\" \/>\n<meta property=\"og:image\" content=\"https:\/\/fleischerei-bachhuber.de\/wp-content\/uploads\/2014\/01\/foto-start.jpg\" \/>\n<meta name=\"twitter:card\" content=\"summary_large_image\" \/>\n<script type=\"application\/ld+json\" class=\"yoast-schema-graph\">{\"@context\":\"https:\/\/schema.org\",\"@graph\":[{\"@type\":\"WebPage\",\"@id\":\"https:\/\/fleischerei-bachhuber.de\/index.php\/kontakt\/\",\"url\":\"https:\/\/fleischerei-bachhuber.de\/index.php\/kontakt\/\",\"name\":\"Kontakt - Fleischerei Bachhuber\",\"isPartOf\":{\"@id\":\"https:\/\/fleischerei-bachhuber.de\/#website\"},\"primaryImageOfPage\":{\"@id\":\"https:\/\/fleischerei-bachhuber.de\/index.php\/kontakt\/#primaryimage\"},\"image\":{\"@id\":\"https:\/\/fleischerei-bachhuber.de\/index.php\/kontakt\/#primaryimage\"},\"thumbnailUrl\":\"https:\/\/fleischerei-bachhuber.de\/wp-content\/uploads\/2014\/01\/foto-start.jpg\",\"datePublished\":\"2014-01-14T10:11:49+00:00\",\"dateModified\":\"2018-05-22T17:50:09+00:00\",\"breadcrumb\":{\"@id\":\"https:\/\/fleischerei-bachhuber.de\/index.php\/kontakt\/#breadcrumb\"},\"inLanguage\":\"de\",\"potentialAction\":[{\"@type\":\"ReadAction\",\"target\":[\"https:\/\/fleischerei-bachhuber.de\/index.php\/kontakt\/\"]}]},{\"@type\":\"ImageObject\",\"inLanguage\":\"de\",\"@id\":\"https:\/\/fleischerei-bachhuber.de\/index.php\/kontakt\/#primaryimage\",\"url\":\"https:\/\/fleischerei-bachhuber.de\/wp-content\/uploads\/2014\/01\/foto-start.jpg\",\"contentUrl\":\"https:\/\/fleischerei-bachhuber.de\/wp-content\/uploads\/2014\/01\/foto-start.jpg\",\"width\":750,\"height\":420,\"caption\":\"Spezialist f\u00fcr Fleisch und Wurst\"},{\"@type\":\"BreadcrumbList\",\"@id\":\"https:\/\/fleischerei-bachhuber.de\/index.php\/kontakt\/#breadcrumb\",\"itemListElement\":[{\"@type\":\"ListItem\",\"position\":1,\"name\":\"Startseite\",\"item\":\"https:\/\/fleischerei-bachhuber.de\/\"},{\"@type\":\"ListItem\",\"position\":2,\"name\":\"Kontakt\"}]},{\"@type\":\"WebSite\",\"@id\":\"https:\/\/fleischerei-bachhuber.de\/#website\",\"url\":\"https:\/\/fleischerei-bachhuber.de\/\",\"name\":\"Fleischerei Bachhuber\",\"description\":\"Ihr Spezialist f\u00fcr Wurst, Fleisch, Gefl\u00fcgel, Wild und Partyservice\",\"publisher\":{\"@id\":\"https:\/\/fleischerei-bachhuber.de\/#organization\"},\"potentialAction\":[{\"@type\":\"SearchAction\",\"target\":{\"@type\":\"EntryPoint\",\"urlTemplate\":\"https:\/\/fleischerei-bachhuber.de\/?s={search_term_string}\"},\"query-input\":{\"@type\":\"PropertyValueSpecification\",\"valueRequired\":true,\"valueName\":\"search_term_string\"}}],\"inLanguage\":\"de\"},{\"@type\":\"Organization\",\"@id\":\"https:\/\/fleischerei-bachhuber.de\/#organization\",\"name\":\"Fleischerei Bachhuber\",\"url\":\"https:\/\/fleischerei-bachhuber.de\/\",\"logo\":{\"@type\":\"ImageObject\",\"inLanguage\":\"de\",\"@id\":\"https:\/\/fleischerei-bachhuber.de\/#\/schema\/logo\/image\/\",\"url\":\"https:\/\/fleischerei-bachhuber.de\/wp-content\/uploads\/2019\/09\/IMG_5953.jpg\",\"contentUrl\":\"https:\/\/fleischerei-bachhuber.de\/wp-content\/uploads\/2019\/09\/IMG_5953.jpg\",\"width\":1280,\"height\":786,\"caption\":\"Fleischerei Bachhuber\"},\"image\":{\"@id\":\"https:\/\/fleischerei-bachhuber.de\/#\/schema\/logo\/image\/\"}}]}<\/script>\n<!-- \/ Yoast SEO plugin. -->","yoast_head_json":{"title":"Kontakt - Fleischerei Bachhuber","robots":{"index":"index","follow":"follow","max-snippet":"max-snippet:-1","max-image-preview":"max-image-preview:large","max-video-preview":"max-video-preview:-1"},"canonical":"https:\/\/fleischerei-bachhuber.de\/index.php\/kontakt\/","og_locale":"de_DE","og_type":"article","og_title":"Kontakt - Fleischerei Bachhuber","og_description":"Fleischerei J\u00fcrgen Bachhuber GmbH G\u00fcntzelstra\u00dfe 47 10717 Berlin Gesch\u00e4ftsf\u00fchrung: Gabriela Klapproth Tel.: 030 873 21 15 Fax: 030 873 95 34 E-Mail: mail@fleischerei-bachhuber.de Hinweis: Da wir mehr Zeit an unseren Verkaufstresen verbringen als im B\u00fcro, bitten wir um Verst\u00e4ndnis, dass wir f\u00fcr die schriftliche Beantwortung Ihres Anliegens rund 48 Stunden ben\u00f6tigen. Sollten Sie es jedoch [&hellip;]","og_url":"https:\/\/fleischerei-bachhuber.de\/index.php\/kontakt\/","og_site_name":"Fleischerei Bachhuber","article_modified_time":"2018-05-22T17:50:09+00:00","og_image":[{"url":"https:\/\/fleischerei-bachhuber.de\/wp-content\/uploads\/2014\/01\/foto-start.jpg","type":"","width":"","height":""}],"twitter_card":"summary_large_image","schema":{"@context":"https:\/\/schema.org","@graph":[{"@type":"WebPage","@id":"https:\/\/fleischerei-bachhuber.de\/index.php\/kontakt\/","url":"https:\/\/fleischerei-bachhuber.de\/index.php\/kontakt\/","name":"Kontakt - Fleischerei Bachhuber","isPartOf":{"@id":"https:\/\/fleischerei-bachhuber.de\/#website"},"primaryImageOfPage":{"@id":"https:\/\/fleischerei-bachhuber.de\/index.php\/kontakt\/#primaryimage"},"image":{"@id":"https:\/\/fleischerei-bachhuber.de\/index.php\/kontakt\/#primaryimage"},"thumbnailUrl":"https:\/\/fleischerei-bachhuber.de\/wp-content\/uploads\/2014\/01\/foto-start.jpg","datePublished":"2014-01-14T10:11:49+00:00","dateModified":"2018-05-22T17:50:09+00:00","breadcrumb":{"@id":"https:\/\/fleischerei-bachhuber.de\/index.php\/kontakt\/#breadcrumb"},"inLanguage":"de","potentialAction":[{"@type":"ReadAction","target":["https:\/\/fleischerei-bachhuber.de\/index.php\/kontakt\/"]}]},{"@type":"ImageObject","inLanguage":"de","@id":"https:\/\/fleischerei-bachhuber.de\/index.php\/kontakt\/#primaryimage","url":"https:\/\/fleischerei-bachhuber.de\/wp-content\/uploads\/2014\/01\/foto-start.jpg","contentUrl":"https:\/\/fleischerei-bachhuber.de\/wp-content\/uploads\/2014\/01\/foto-start.jpg","width":750,"height":420,"caption":"Spezialist f\u00fcr Fleisch und Wurst"},{"@type":"BreadcrumbList","@id":"https:\/\/fleischerei-bachhuber.de\/index.php\/kontakt\/#breadcrumb","itemListElement":[{"@type":"ListItem","position":1,"name":"Startseite","item":"https:\/\/fleischerei-bachhuber.de\/"},{"@type":"ListItem","position":2,"name":"Kontakt"}]},{"@type":"WebSite","@id":"https:\/\/fleischerei-bachhuber.de\/#website","url":"https:\/\/fleischerei-bachhuber.de\/","name":"Fleischerei Bachhuber","description":"Ihr Spezialist f\u00fcr Wurst, Fleisch, Gefl\u00fcgel, Wild und Partyservice","publisher":{"@id":"https:\/\/fleischerei-bachhuber.de\/#organization"},"potentialAction":[{"@type":"SearchAction","target":{"@type":"EntryPoint","urlTemplate":"https:\/\/fleischerei-bachhuber.de\/?s={search_term_string}"},"query-input":{"@type":"PropertyValueSpecification","valueRequired":true,"valueName":"search_term_string"}}],"inLanguage":"de"},{"@type":"Organization","@id":"https:\/\/fleischerei-bachhuber.de\/#organization","name":"Fleischerei Bachhuber","url":"https:\/\/fleischerei-bachhuber.de\/","logo":{"@type":"ImageObject","inLanguage":"de","@id":"https:\/\/fleischerei-bachhuber.de\/#\/schema\/logo\/image\/","url":"https:\/\/fleischerei-bachhuber.de\/wp-content\/uploads\/2019\/09\/IMG_5953.jpg","contentUrl":"https:\/\/fleischerei-bachhuber.de\/wp-content\/uploads\/2019\/09\/IMG_5953.jpg","width":1280,"height":786,"caption":"Fleischerei Bachhuber"},"image":{"@id":"https:\/\/fleischerei-bachhuber.de\/#\/schema\/logo\/image\/"}}]}},"_links":{"self":[{"href":"https:\/\/fleischerei-bachhuber.de\/index.php\/wp-json\/wp\/v2\/pages\/34","targetHints":{"allow":["GET"]}}],"collection":[{"href":"https:\/\/fleischerei-bachhuber.de\/index.php\/wp-json\/wp\/v2\/pages"}],"about":[{"href":"https:\/\/fleischerei-bachhuber.de\/index.php\/wp-json\/wp\/v2\/types\/page"}],"author":[{"embeddable":true,"href":"https:\/\/fleischerei-bachhuber.de\/index.php\/wp-json\/wp\/v2\/users\/4"}],"replies":[{"embeddable":true,"href":"https:\/\/fleischerei-bachhuber.de\/index.php\/wp-json\/wp\/v2\/comments?post=34"}],"version-history":[{"count":13,"href":"https:\/\/fleischerei-bachhuber.de\/index.php\/wp-json\/wp\/v2\/pages\/34\/revisions"}],"predecessor-version":[{"id":480,"href":"https:\/\/fleischerei-bachhuber.de\/index.php\/wp-json\/wp\/v2\/pages\/34\/revisions\/480"}],"wp:attachment":[{"href":"https:\/\/fleischerei-bachhuber.de\/index.php\/wp-json\/wp\/v2\/media?parent=34"}],"curies":[{"name":"wp","href":"https:\/\/api.w.org\/{rel}","templated":true}]}}