{"id":6,"date":"2014-01-13T10:42:23","date_gmt":"2014-01-13T09:42:23","guid":{"rendered":"http:\/\/tobiasherrmann.com\/bachhuber\/?page_id=6"},"modified":"2023-07-25T21:56:04","modified_gmt":"2023-07-25T19:56:04","slug":"startseite","status":"publish","type":"page","link":"https:\/\/fleischerei-bachhuber.de\/","title":{"rendered":"Startseite"},"content":{"rendered":"<p><img loading=\"lazy\" decoding=\"async\" class=\"alignnone size-full wp-image-37\" src=\"https:\/\/fleischerei-bachhuber.de\/wp-content\/uploads\/2014\/01\/Bachhuber-Home.jpg\" alt=\"Artgerecht aus Tradition\" width=\"750\" height=\"420\" \/><\/p>\n<p><strong>Bei der Fleischerei J\u00fcrgen Bachhuber haben artgerechte Nutztierhaltung und Nachhaltigkeit eine lange Tradition: Sorgsame Tierzucht in schonender Haltung \u2013 f\u00fcr einen verantwortungsvolleren und qualitativ hohen Genuss.<\/strong><\/p>\n<p><img loading=\"lazy\" decoding=\"async\" class=\" wp-image-709 alignleft\" src=\"https:\/\/fleischerei-bachhuber.de\/wp-content\/uploads\/2022\/11\/Scan-1.jpeg\" alt=\"\" width=\"330\" height=\"464\" \/>Was in Berlin Wilmersdorf einst als eine Art Idealisten-Experiment des Neuland-Vorreiters J\u00fcrgen Bachhuber begann und damals nahezu exotisch anmutete, ist heute bundesweit zum hohen \u00bbState of the Art\u00ab f\u00fcr einen verantwortungsvollen Fleischgenuss geworden:<br \/>\nVerzicht auf unw\u00fcrdige Massenhaltung auf engstem Raum mit qu\u00e4lender Mast unter Anwendung von Hormonen und Antibiotika.<br \/>\nStattdessen ausschlie\u00dfliche Verwendung von nat\u00fcrlichen Futtermitteln sowie gro\u00dfz\u00fcgiger Weiden- und Wiesenfreilauf.<\/p>\n<p style=\"text-align: left;\"><a href=\"https:\/\/fleischerei-bachhuber.de\/index.php\/unsere-quellen\/\">Unsere Produzenten<\/a> stehen auf ihrem jeweiligen Zuchtfachgebiet ebenso f\u00fcr diese schonende Form der humanen Tierhaltung ein wie unsere hauseigene Produktion f\u00fcr die Bachhuber-typische Qualit\u00e4t unserer Rezepturen.<br \/>\nDas Ergebnis dieser Philosophie kann sich nicht nur direkt an unseren Theken durch die satte Fleischfarbe und kr\u00e4ftige Maserung sehen lassen \u2013 man kann diese urspr\u00fcngliche Qualit\u00e4t vor allem schmecken.<\/p>\n<p>Aus langer Erfahrung heraus verzichten wir heute auf die Konzentration auf nur einen Lieferanten. Denn nur so k\u00f6nnen wir flexibel reagieren, wenn Haltung oder Schlachtung nicht mehr unseren Anspr\u00fcchen gen\u00fcgen oder Lieferketten nicht eindeutig nachzuhalten sind.<\/p>\n<p><strong>Diesen Prinzipien treu zu bleiben ist unsere Tradition. <\/strong><br \/>\n<strong>Im Sinne unserer Kunden und im Sinne eines verantwortungsvollen Umgangs mit unseren nat\u00fcrlichen Ressourcen.<\/strong><\/p>\n<p>Herzlich,<br \/>\nIhre<\/p>\n<p><img loading=\"lazy\" decoding=\"async\" class=\"wp-image-244 alignleft\" src=\"https:\/\/fleischerei-bachhuber.de\/wp-content\/uploads\/2014\/01\/BH-Logoklein.png\" alt=\"BH Logoklein\" width=\"214\" height=\"100\" \/><\/p>\n","protected":false},"excerpt":{"rendered":"<p>Bei der Fleischerei J\u00fcrgen Bachhuber haben artgerechte Nutztierhaltung und Nachhaltigkeit eine lange Tradition: Sorgsame Tierzucht in schonender Haltung \u2013 f\u00fcr einen verantwortungsvolleren und qualitativ hohen Genuss. Was in Berlin Wilmersdorf einst als eine Art Idealisten-Experiment des Neuland-Vorreiters J\u00fcrgen Bachhuber begann und damals nahezu exotisch anmutete, ist heute bundesweit zum hohen \u00bbState of the Art\u00ab f\u00fcr [&hellip;]<\/p>\n","protected":false},"author":4,"featured_media":0,"parent":0,"menu_order":0,"comment_status":"closed","ping_status":"open","template":"","meta":{"footnotes":""},"class_list":["post-6","page","type-page","status-publish","hentry"],"yoast_head":"<!-- This site is optimized with the Yoast SEO plugin v26.6 - https:\/\/yoast.com\/wordpress\/plugins\/seo\/ -->\n<title>Startseite - Fleischerei Bachhuber<\/title>\n<meta name=\"robots\" content=\"index, follow, max-snippet:-1, max-image-preview:large, max-video-preview:-1\" \/>\n<link rel=\"canonical\" href=\"https:\/\/fleischerei-bachhuber.de\/\" \/>\n<meta property=\"og:locale\" content=\"de_DE\" \/>\n<meta property=\"og:type\" content=\"article\" \/>\n<meta property=\"og:title\" content=\"Startseite - Fleischerei Bachhuber\" \/>\n<meta property=\"og:description\" content=\"Bei der Fleischerei J\u00fcrgen Bachhuber haben artgerechte Nutztierhaltung und Nachhaltigkeit eine lange Tradition: Sorgsame Tierzucht in schonender Haltung \u2013 f\u00fcr einen verantwortungsvolleren und qualitativ hohen Genuss. Was in Berlin Wilmersdorf einst als eine Art Idealisten-Experiment des Neuland-Vorreiters J\u00fcrgen Bachhuber begann und damals nahezu exotisch anmutete, ist heute bundesweit zum hohen \u00bbState of the Art\u00ab f\u00fcr [&hellip;]\" \/>\n<meta property=\"og:url\" content=\"https:\/\/fleischerei-bachhuber.de\/\" \/>\n<meta property=\"og:site_name\" content=\"Fleischerei Bachhuber\" \/>\n<meta property=\"article:modified_time\" content=\"2023-07-25T19:56:04+00:00\" \/>\n<meta property=\"og:image\" content=\"https:\/\/fleischerei-bachhuber.de\/wp-content\/uploads\/2014\/01\/Bachhuber-Home.jpg\" \/>\n<meta name=\"twitter:card\" content=\"summary_large_image\" \/>\n<meta name=\"twitter:label1\" content=\"Gesch\u00e4tzte Lesezeit\" \/>\n\t<meta name=\"twitter:data1\" content=\"1\u00a0Minute\" \/>\n<script type=\"application\/ld+json\" class=\"yoast-schema-graph\">{\"@context\":\"https:\/\/schema.org\",\"@graph\":[{\"@type\":\"WebPage\",\"@id\":\"https:\/\/fleischerei-bachhuber.de\/\",\"url\":\"https:\/\/fleischerei-bachhuber.de\/\",\"name\":\"Startseite - Fleischerei Bachhuber\",\"isPartOf\":{\"@id\":\"https:\/\/fleischerei-bachhuber.de\/#website\"},\"primaryImageOfPage\":{\"@id\":\"https:\/\/fleischerei-bachhuber.de\/#primaryimage\"},\"image\":{\"@id\":\"https:\/\/fleischerei-bachhuber.de\/#primaryimage\"},\"thumbnailUrl\":\"https:\/\/fleischerei-bachhuber.de\/wp-content\/uploads\/2014\/01\/Bachhuber-Home.jpg\",\"datePublished\":\"2014-01-13T09:42:23+00:00\",\"dateModified\":\"2023-07-25T19:56:04+00:00\",\"breadcrumb\":{\"@id\":\"https:\/\/fleischerei-bachhuber.de\/#breadcrumb\"},\"inLanguage\":\"de\",\"potentialAction\":[{\"@type\":\"ReadAction\",\"target\":[\"https:\/\/fleischerei-bachhuber.de\/\"]}]},{\"@type\":\"ImageObject\",\"inLanguage\":\"de\",\"@id\":\"https:\/\/fleischerei-bachhuber.de\/#primaryimage\",\"url\":\"https:\/\/fleischerei-bachhuber.de\/wp-content\/uploads\/2014\/01\/Bachhuber-Home.jpg\",\"contentUrl\":\"https:\/\/fleischerei-bachhuber.de\/wp-content\/uploads\/2014\/01\/Bachhuber-Home.jpg\",\"width\":750,\"height\":420},{\"@type\":\"BreadcrumbList\",\"@id\":\"https:\/\/fleischerei-bachhuber.de\/#breadcrumb\",\"itemListElement\":[{\"@type\":\"ListItem\",\"position\":1,\"name\":\"Startseite\",\"item\":\"https:\/\/fleischerei-bachhuber.de\/\"},{\"@type\":\"ListItem\",\"position\":2,\"name\":\"Startseite\"}]},{\"@type\":\"WebSite\",\"@id\":\"https:\/\/fleischerei-bachhuber.de\/#website\",\"url\":\"https:\/\/fleischerei-bachhuber.de\/\",\"name\":\"Fleischerei Bachhuber\",\"description\":\"Ihr Spezialist f\u00fcr Wurst, Fleisch, Gefl\u00fcgel, Wild und Partyservice\",\"publisher\":{\"@id\":\"https:\/\/fleischerei-bachhuber.de\/#organization\"},\"potentialAction\":[{\"@type\":\"SearchAction\",\"target\":{\"@type\":\"EntryPoint\",\"urlTemplate\":\"https:\/\/fleischerei-bachhuber.de\/?s={search_term_string}\"},\"query-input\":{\"@type\":\"PropertyValueSpecification\",\"valueRequired\":true,\"valueName\":\"search_term_string\"}}],\"inLanguage\":\"de\"},{\"@type\":\"Organization\",\"@id\":\"https:\/\/fleischerei-bachhuber.de\/#organization\",\"name\":\"Fleischerei Bachhuber\",\"url\":\"https:\/\/fleischerei-bachhuber.de\/\",\"logo\":{\"@type\":\"ImageObject\",\"inLanguage\":\"de\",\"@id\":\"https:\/\/fleischerei-bachhuber.de\/#\/schema\/logo\/image\/\",\"url\":\"https:\/\/fleischerei-bachhuber.de\/wp-content\/uploads\/2019\/09\/IMG_5953.jpg\",\"contentUrl\":\"https:\/\/fleischerei-bachhuber.de\/wp-content\/uploads\/2019\/09\/IMG_5953.jpg\",\"width\":1280,\"height\":786,\"caption\":\"Fleischerei Bachhuber\"},\"image\":{\"@id\":\"https:\/\/fleischerei-bachhuber.de\/#\/schema\/logo\/image\/\"}}]}<\/script>\n<!-- \/ Yoast SEO plugin. -->","yoast_head_json":{"title":"Startseite - Fleischerei Bachhuber","robots":{"index":"index","follow":"follow","max-snippet":"max-snippet:-1","max-image-preview":"max-image-preview:large","max-video-preview":"max-video-preview:-1"},"canonical":"https:\/\/fleischerei-bachhuber.de\/","og_locale":"de_DE","og_type":"article","og_title":"Startseite - Fleischerei Bachhuber","og_description":"Bei der Fleischerei J\u00fcrgen Bachhuber haben artgerechte Nutztierhaltung und Nachhaltigkeit eine lange Tradition: Sorgsame Tierzucht in schonender Haltung \u2013 f\u00fcr einen verantwortungsvolleren und qualitativ hohen Genuss. Was in Berlin Wilmersdorf einst als eine Art Idealisten-Experiment des Neuland-Vorreiters J\u00fcrgen Bachhuber begann und damals nahezu exotisch anmutete, ist heute bundesweit zum hohen \u00bbState of the Art\u00ab f\u00fcr [&hellip;]","og_url":"https:\/\/fleischerei-bachhuber.de\/","og_site_name":"Fleischerei Bachhuber","article_modified_time":"2023-07-25T19:56:04+00:00","og_image":[{"url":"https:\/\/fleischerei-bachhuber.de\/wp-content\/uploads\/2014\/01\/Bachhuber-Home.jpg","type":"","width":"","height":""}],"twitter_card":"summary_large_image","twitter_misc":{"Gesch\u00e4tzte Lesezeit":"1\u00a0Minute"},"schema":{"@context":"https:\/\/schema.org","@graph":[{"@type":"WebPage","@id":"https:\/\/fleischerei-bachhuber.de\/","url":"https:\/\/fleischerei-bachhuber.de\/","name":"Startseite - Fleischerei Bachhuber","isPartOf":{"@id":"https:\/\/fleischerei-bachhuber.de\/#website"},"primaryImageOfPage":{"@id":"https:\/\/fleischerei-bachhuber.de\/#primaryimage"},"image":{"@id":"https:\/\/fleischerei-bachhuber.de\/#primaryimage"},"thumbnailUrl":"https:\/\/fleischerei-bachhuber.de\/wp-content\/uploads\/2014\/01\/Bachhuber-Home.jpg","datePublished":"2014-01-13T09:42:23+00:00","dateModified":"2023-07-25T19:56:04+00:00","breadcrumb":{"@id":"https:\/\/fleischerei-bachhuber.de\/#breadcrumb"},"inLanguage":"de","potentialAction":[{"@type":"ReadAction","target":["https:\/\/fleischerei-bachhuber.de\/"]}]},{"@type":"ImageObject","inLanguage":"de","@id":"https:\/\/fleischerei-bachhuber.de\/#primaryimage","url":"https:\/\/fleischerei-bachhuber.de\/wp-content\/uploads\/2014\/01\/Bachhuber-Home.jpg","contentUrl":"https:\/\/fleischerei-bachhuber.de\/wp-content\/uploads\/2014\/01\/Bachhuber-Home.jpg","width":750,"height":420},{"@type":"BreadcrumbList","@id":"https:\/\/fleischerei-bachhuber.de\/#breadcrumb","itemListElement":[{"@type":"ListItem","position":1,"name":"Startseite","item":"https:\/\/fleischerei-bachhuber.de\/"},{"@type":"ListItem","position":2,"name":"Startseite"}]},{"@type":"WebSite","@id":"https:\/\/fleischerei-bachhuber.de\/#website","url":"https:\/\/fleischerei-bachhuber.de\/","name":"Fleischerei Bachhuber","description":"Ihr Spezialist f\u00fcr Wurst, Fleisch, Gefl\u00fcgel, Wild und Partyservice","publisher":{"@id":"https:\/\/fleischerei-bachhuber.de\/#organization"},"potentialAction":[{"@type":"SearchAction","target":{"@type":"EntryPoint","urlTemplate":"https:\/\/fleischerei-bachhuber.de\/?s={search_term_string}"},"query-input":{"@type":"PropertyValueSpecification","valueRequired":true,"valueName":"search_term_string"}}],"inLanguage":"de"},{"@type":"Organization","@id":"https:\/\/fleischerei-bachhuber.de\/#organization","name":"Fleischerei Bachhuber","url":"https:\/\/fleischerei-bachhuber.de\/","logo":{"@type":"ImageObject","inLanguage":"de","@id":"https:\/\/fleischerei-bachhuber.de\/#\/schema\/logo\/image\/","url":"https:\/\/fleischerei-bachhuber.de\/wp-content\/uploads\/2019\/09\/IMG_5953.jpg","contentUrl":"https:\/\/fleischerei-bachhuber.de\/wp-content\/uploads\/2019\/09\/IMG_5953.jpg","width":1280,"height":786,"caption":"Fleischerei Bachhuber"},"image":{"@id":"https:\/\/fleischerei-bachhuber.de\/#\/schema\/logo\/image\/"}}]}},"_links":{"self":[{"href":"https:\/\/fleischerei-bachhuber.de\/index.php\/wp-json\/wp\/v2\/pages\/6","targetHints":{"allow":["GET"]}}],"collection":[{"href":"https:\/\/fleischerei-bachhuber.de\/index.php\/wp-json\/wp\/v2\/pages"}],"about":[{"href":"https:\/\/fleischerei-bachhuber.de\/index.php\/wp-json\/wp\/v2\/types\/page"}],"author":[{"embeddable":true,"href":"https:\/\/fleischerei-bachhuber.de\/index.php\/wp-json\/wp\/v2\/users\/4"}],"replies":[{"embeddable":true,"href":"https:\/\/fleischerei-bachhuber.de\/index.php\/wp-json\/wp\/v2\/comments?post=6"}],"version-history":[{"count":20,"href":"https:\/\/fleischerei-bachhuber.de\/index.php\/wp-json\/wp\/v2\/pages\/6\/revisions"}],"predecessor-version":[{"id":750,"href":"https:\/\/fleischerei-bachhuber.de\/index.php\/wp-json\/wp\/v2\/pages\/6\/revisions\/750"}],"wp:attachment":[{"href":"https:\/\/fleischerei-bachhuber.de\/index.php\/wp-json\/wp\/v2\/media?parent=6"}],"curies":[{"name":"wp","href":"https:\/\/api.w.org\/{rel}","templated":true}]}}