{"id":62,"date":"2014-01-15T13:05:12","date_gmt":"2014-01-15T12:05:12","guid":{"rendered":"http:\/\/tobiasherrmann.com\/bachhuber\/?page_id=62"},"modified":"2018-05-22T19:56:59","modified_gmt":"2018-05-22T17:56:59","slug":"disclaimer","status":"publish","type":"page","link":"https:\/\/fleischerei-bachhuber.de\/index.php\/disclaimer\/","title":{"rendered":"Disclaimer"},"content":{"rendered":"<p><img loading=\"lazy\" decoding=\"async\" class=\"alignnone size-full wp-image-43\" src=\"https:\/\/fleischerei-bachhuber.de\/wp-content\/uploads\/2016\/03\/Bachhuber-Filialen-2016.jpg\" alt=\"5x f\u00fcr Sie da\" width=\"750\" height=\"420\" \/><\/p>\n<p><strong>Haftungsausschluss<\/strong><br \/>\n<strong> 1. Inhalt des Onlineangebotes:<\/strong><br \/>\nDer Autor \u00fcbernimmt keinerlei Gew\u00e4hr f\u00fcr die Aktualit\u00e4t, Korrektheit, Vollst\u00e4ndigkeit oder Qualit\u00e4t der bereitgestellten Informationen. Haftungsanspr\u00fcche gegen den Autor, die sich auf Sch\u00e4den materieller oder ideeller Art beziehen, die durch die Nutzung oder Nichtnutzung der dargebotenen Informationen bzw. durch die Nutzung fehlerhafter und unvollst\u00e4ndiger Informationen verursacht wurden, sind grunds\u00e4tzlich ausgeschlossen, sofern seitens des Autors kein nachweislich vors\u00e4tzliches oder grob fahrl\u00e4ssiges Verschulden vorliegt. Alle Angebote sind freibleibend und unverbindlich. Der Autor beh\u00e4lt es sich ausdr\u00fccklich vor, Teile der Seiten oder das gesamte Angebot ohne gesonderte Ank\u00fcndigung zu ver\u00e4ndern, zu erg\u00e4nzen, zu l\u00f6schen oder die Ver\u00f6ffentlichung zeitweise oder endg\u00fcltig einzustellen.<\/p>\n<p><strong>2. Urheber- und Kennzeichenrecht<\/strong><br \/>\nDer Autor ist bestrebt, in allen Publikationen die Urheberrechte der verwendeten Grafiken, Tondokumente, Videosequenzen und Texte zu beachten, von ihm selbst erstellte Grafiken, Tondokumente, Videosequenzen und Texte zu nutzen oder auf lizenzfreie Grafiken, Tondokumente, Videosequenzen und Texte zur\u00fcckzugreifen. Alle innerhalb des Internetangebotes genannten und ggf. durch Dritte gesch\u00fctzten Marken- und Warenzeichen unterliegen uneingeschr\u00e4nkt den Bestimmungen des jeweils g\u00fcltigen Kennzeichenrechts und den Besitzrechten der jeweiligen eingetragenen Eigent\u00fcmer. Allein aufgrund der blo\u00dfen Nennung ist nicht der Schluss zu ziehen, dass Markenzeichen nicht durch Rechte Dritter gesch\u00fctzt sind! Das Copyright f\u00fcr ver\u00f6ffentlichte, vom Autor selbst erstellte Objekte bleibt allein beim Autor der Seiten. Eine Vervielf\u00e4ltigung oder Verwendung solcher Grafiken, Tondokumente, Videosequenzen und Texte in anderen elektronischen oder gedruckten Publikationen ist ohne ausdr\u00fcckliche Zustimmung des Autors nicht gestattet.<\/p>\n<p><strong>3. Datenschutz<\/strong><br \/>\nArt. 6 Abs. S. 1 lit. a DSGVO dient unserem Unternehmen als Rechtsgrundlage f\u00fcr Verarbeitungsvorg\u00e4nge, bei denen wir eine Einwilligung f\u00fcr einen bestimmten Verarbeitungszweck einholen. Ist die Verarbeitung personenbezogener Daten zur Erf\u00fcllung eines Vertrags, dessen Vertragspartei die betroffene Person ist, erforderlich, wie dies beispielsweise bei Verarbeitungsvorg\u00e4ngen der Fall ist, die f\u00fcr eine Lieferung von Waren oder die Erbringung einer sonstigen Leistung oder Gegenleistung notwendig sind, so beruht die Verarbeitung auf Art. 6 Abs. S. 1 lit. b DSGVO. Gleiches gilt f\u00fcr solche Verarbeitungsvorg\u00e4nge, die zur Durchf\u00fchrung vorvertraglicher Ma\u00dfnahmen erforderlich sind, etwa in F\u00e4llen von Anfragen zur unseren Produkten oder Leistungen. Unterliegt unser Unternehmen einer rechtlichen Verpflichtung, durch welche eine Verarbeitung von personenbezogenen Daten erforderlich wird, wie beispielsweise zur Erf\u00fcllung steuerlicher Pflichten, so basiert die Verarbeitung auf Art. 6 Abs. S. 1 lit. c DSGVO. In seltenen F\u00e4llen k\u00f6nnte die Verarbeitung von personenbezogenen Daten erforderlich werden, um lebenswichtige Interessen der betroffenen Person oder einer anderen nat\u00fcrlichen Person zu sch\u00fctzen, Art. 6 Abs. S. 1 lit. d DSGVO. Letztlich k\u00f6nnten Verarbeitungsvorg\u00e4nge auch auf Art. 6 Abs. S. 1 lit. f DSGVO beruhen. Auf dieser Rechtsgrundlage basieren Verarbeitungsvorg\u00e4nge, die von keiner der vorgenannten Rechtsgrundlagen erfasst werden, wenn die Verarbeitung zur Wahrung eines berechtigten Interesses unseres Unternehmens oder eines Dritten erforderlich ist, sofern die Interessen, Grundrechte und Grundfreiheiten des Betroffenen nicht \u00fcberwiegen.<\/p>\n<p><em>Betroffenenrechte<br \/>\n<\/em>Sie haben das Recht:<\/p>\n<ul>\n<li>gem\u00e4\u00df Art. 15 DSGVO Auskunft \u00fcber Ihre von mir verarbeiteten personenbezogenen Daten zu verlangen. Insbesondere k\u00f6nnen Sie Auskunft \u00fcber die Verarbeitungszwecke, die Kategorie der personenbezogenen Daten, die Kategorien von Empf\u00e4ngern, gegen\u00fcber denen Ihre Daten offengelegt wurden oder werden, die geplante Speicherdauer, das Bestehen eines Rechts auf Berichtigung, L\u00f6schung, Einschr\u00e4nkung der Verarbeitung oder Widerspruch, das Bestehen eines Beschwerderechts, die Herkunft ihrer Daten, sofern diese nicht bei mir erhoben wurden, sowie \u00fcber das Bestehen einer automatisierten Entscheidungsfindung einschlie\u00dflich Profiling und ggf. aussagekr\u00e4ftigen Informationen zu deren Einzelheiten verlangen;<\/li>\n<li>gem\u00e4\u00df Art. 16 DSGVO unverz\u00fcglich die Berichtigung unrichtiger oder Vervollst\u00e4ndigung Ihrer bei mir gespeicherten personenbezogenen Daten zu verlangen;<\/li>\n<li>gem\u00e4\u00df Art. 17 DSGVO die L\u00f6schung Ihrer bei mir gespeicherten personenbezogenen Daten zu verlangen, soweit nicht die Verarbeitung zur Aus\u00fcbung des Rechts auf freie Meinungs\u00e4u\u00dferung und Information, zur Erf\u00fcllung einer rechtlichen Verpflichtung, aus Gr\u00fcnden des \u00f6ffentlichen Interesses oder zur Geltendmachung, Aus\u00fcbung oder Verteidigung von Rechtsanspr\u00fcchen erforderlich ist;<\/li>\n<li>gem\u00e4\u00df Art. 18 DSGVO die Einschr\u00e4nkung der Verarbeitung Ihrer personenbezogenen Daten zu verlangen, soweit die Richtigkeit der Daten von Ihnen bestritten wird, die Verarbeitung unrechtm\u00e4\u00dfig ist, Sie aber deren L\u00f6schung ablehnen und wir die Daten nicht mehr ben\u00f6tigen, Sie jedoch diese zur Geltendmachung, Aus\u00fcbung oder Verteidigung von Rechtsanspr\u00fcchen ben\u00f6tigen oder Sie gem\u00e4\u00df Art. 21 DSGVO Widerspruch gegen die Verarbeitung eingelegt haben;<\/li>\n<li>gem\u00e4\u00df Art. 20 DSGVO Ihre personenbezogenen Daten, die Sie mir bereitgestellt haben, in einem strukturierten, g\u00e4ngigen und maschinenlesbaren Format zu erhalten oder die \u00dcbermittlung an einen anderen Verantwortlichen zu verlangen;<\/li>\n<li>gem\u00e4\u00df Art. 7 Abs. 3 DSGVO Ihre einmal erteilte Einwilligung jederzeit mir gegen\u00fcber zu widerrufen. Dies hat zur Folge, dass wir die Datenverarbeitung, die auf dieser Einwilligung beruhte, f\u00fcr die Zukunft nicht mehr fortf\u00fchren d\u00fcrfen und<\/li>\n<li>gem\u00e4\u00df Art. 77 DSGVO haben Sie unbeschadet eines anderweitigen verwaltungsrechtlichen oder gerichtlichen Rechtsbehelfs das Recht, sich bei einer Aufsichtsbeh\u00f6rde zu beschweren. In der Regel k\u00f6nnen Sie sich hierf\u00fcr an die Aufsichtsbeh\u00f6rde Ihres \u00fcblichen Aufenthaltsortes oder Arbeitsplatzes oder den Ort des Orts des mutma\u00dflichen Versto\u00dfes wenden, wenn die betroffene Person der Ansicht ist, dass die Verarbeitung der sie betreffenden personenbezogenen Daten gegen die Datenschutzgrundverordnung der EU (DS-GVO) verst\u00f6\u00dft.<\/li>\n<\/ul>\n<p><em>Weitergabe von Daten<br \/>\n<\/em>Eine \u00dcbermittlung Ihrer pers\u00f6nlichen Daten an Dritte zu anderen als den im Folgenden aufgef\u00fchrten Zwecken findet nicht statt. Ich gebe Ihre pers\u00f6nlichen Daten an Dritte nur weiter, wenn:<\/p>\n<ul>\n<li>Sie Ihren nach Art. 6 Abs. 1 S. 1 lit. a DSGVO ausdr\u00fcckliche Einwilligung dazu erteilt haben,<\/li>\n<li>die Weitergabe nach Art. 6 Abs. 1 S. 1 lit. f DSGVO zur Geltendmachung, Aus\u00fcbung oder Verteidigung von Rechtsanspr\u00fcchen erforderlich ist und kein Grund zur Annahme besteht, dass Sie ein \u00fcberwiegendes schutzw\u00fcrdiges Interesse an der Nichtweitergabe Ihrer Daten haben,<\/li>\n<li>f\u00fcr den Fall, dass f\u00fcr die Weitergabe nach Art. 6 Abs. 1 S. 1 lit. c DSGVO eine gesetzliche Verpflichtung besteht, sowie<\/li>\n<li>dies gesetzlich zul\u00e4ssig und nach Art. 6 Abs. 1 S. 1 lit. b DSGVO f\u00fcr die Abwicklung von Vertragsverh\u00e4ltnissen mit Ihnen erforderlich ist.<\/li>\n<\/ul>\n<p><em>Auskunftsrecht, Recht auf Berichtigung, Sperrung, L\u00f6schung<br \/>\n<\/em>Auf schriftliche Anfrage informieren wir Sie \u00fcber die zu Ihrer Person durch uns gespeicherten Daten. Sie haben auch ein Recht auf Berichtigung, Sperrung oder L\u00f6schung dieser Daten. Die Anfrage ist an unsere im Impressum der Webseite angegebene Adresse zu richten.<br \/>\nWiderrufsrecht<\/p>\n<p>Sofern Ihre personenbezogenen Daten auf Grundlage von berechtigten Interessen erarbeitet werden, haben Sie das Recht, gem\u00e4\u00df Art. 21 DSGVO Widerspruch gegen die Verarbeitung Ihrer personenbezogenen Daten einzulegen, soweit daf\u00fcr Gr\u00fcnde vorliegen, die sich aus Ihrer besonderen Situation ergeben oder sich der Widerspruch gegen Direktwerbung richtet. Im letzteren Fall haben Sie ein generelles Widerspruchsrecht, das ohne Angabe einer besonderen Situation von mir umgesetzt wird. M\u00f6chten Sie von Ihrem Widerrufs- oder Widerspruchsrecht Gebrauch machen, gen\u00fcgt eine E-Mail an unsere im Impressum der Webseite angegebene Adresse.<br \/>\nAllgemeine Erhebung von Daten<\/p>\n<p>Wenn Sie auf unsere Webseite zugreifen oder eine Datei abrufen, werden Daten \u00fcber diesen Vorgang in einer Protokolldatei auf unserem Webserver gespeichert. Im Einzelnen k\u00f6nnen folgende Daten gespeichert werden:<\/p>\n<ul>\n<li>IP-Adresse (wenn m\u00f6glich, wird diese anonymisiert \u00fcbertragen oder gespeichert)<\/li>\n<li>Domain-Name der Webseite, von der Sie kamen<\/li>\n<li>Namen der abgerufenen Dateien<\/li>\n<li>Datum und Uhrzeit eines Abrufs<\/li>\n<li>Name Ihres Internet Service Providers<\/li>\n<li>sowie ggf. Betriebssystem und Browserversion Ihres Endger\u00e4ts<\/li>\n<\/ul>\n<p>IP-Adressen speichern wir, wenn \u00fcberhaupt, \u00fcber einen Zeitraum von f\u00fcnf Tagen. Bei der Nutzung dieser Daten ziehen wir keine R\u00fcckschl\u00fcsse auf Ihre Person. Die erfassten Informationen werden vielmehr lediglich zu folgenden Zwecken ben\u00f6tigt: Gew\u00e4hrleistung eines reibungslosen Verbindungsaufbaus der Webseite, Gew\u00e4hrung einer komfortablen Nutzung, Auswertung der Systemsicherheit und -stabilit\u00e4t, weiteren administrativen Zwecken.<\/p>\n<p>Die statistische Auswertung anonymisierter Datens\u00e4tze bleibt vorbehalten.<br \/>\nRechtsgrundlage f\u00fcr die Datenerarbeitung ist Art. 6 Abs. 1 S. 1 lit. f DSGVO. Das berechtigte Interesse folgt insoweit aus den oben aufgelisteten Zwecken zur Datenerhebung. Die anonym erhobenen Daten der Server-Logfiles werden stets getrennt von allen durch eine betroffene Person angegebenen personenbezogenen Daten gespeichert.<\/p>\n<p><em>\u00c4nderungen dieser Datenschutzerkl\u00e4rung<br \/>\n<\/em>Wir behalten uns vor, diese Datenschutzerkl\u00e4rung zu \u00e4ndern, wenn sich die Rechtslage oder dieses Online-Angebot oder die Art der Datenerfassung \u00e4ndert. Dies gilt jedoch nur bez\u00fcglich Erkl\u00e4rungen zur Datenverarbeitung. Sofern eine Einwilligung des Nutzers notwendig ist oder Bestandteile der Datenschutzerkl\u00e4rung eine Regelung des Vertragsverh\u00e4ltnisses mit Nutzern enthalten, erfolgt die \u00c4nderung der Datenschutzerkl\u00e4rung nur nach Zustimmung des Nutzers.<\/p>\n<p>Bitte informieren Sie sich daher bei Bedarf \u00fcber diese Datenschutzerkl\u00e4rung, insbesondere, wenn Sie personenbezogene Daten mitteilen.<\/p>\n<p><em>Links zu anderen Webseiten<br \/>\n<\/em>Unsere Website\/App kann von Zeit zu Zeit Links zu Websites Dritter oder zu anderen Websites von uns selbst enthalten. Wenn Sie einem Link zu einer dieser Websites folgen, weisen wir Sie darauf hin, dass diese Websites ihre eigenen Datenschutzrichtlinien haben und dass wir f\u00fcr diese Richtlinien keine Verantwortung oder Haftung \u00fcbernehmen. Bitte \u00fcberpr\u00fcfen Sie diese Datenschutzrichtlinien, bevor Sie personenbezogenen Daten an diese Websites weitergeben.<\/p>\n<p><em>Cookies<br \/>\n<\/em>Unsere Internetseite verwendet Cookies. Ein Cookie ist eine Textdatei, die beim Besuch einer Internetseite erstellt und auf dem System des Nutzers der Website zwischengespeichert wird. Wird der Server unserer Webseite erneut vom Nutzer der Website aufgerufen, sendet der Browser des Nutzers der Website den zuvor empfangenen Cookie wieder zur\u00fcck an den Server. Der Server kann die durch dieses Verfahren erhaltenen Informationen auswerten. Durch Cookies k\u00f6nnen beispielsweise Werbeeinblendungen gesteuert oder das Navigieren auf einer Internetseite erleichtert werden. Cookies sind ferner erforderlich, um die Funktionsf\u00e4higkeit unseres Webseiten-Betriebs zu erm\u00f6glichen (als Rechtsgrundlage ist Art. 6 Abs. 1 lit f DSGVO genannt, die Wahrung der berechtigten Interessen des Betreibers dieser Webseite &#8211; wir verwenden Cookies nur in Vereinbarung mit Art. 5 Abs. 1 lit a DSGVO, also gem\u00e4\u00df der Prinzipien Rechtm\u00e4\u00dfigkeit, Verarbeitung nach Treu und Glauben, Transparenz).<br \/>\nWenn Sie die Nutzung von Cookies unterbinden wollen, k\u00f6nnen Sie dies durch lokale Einstellungen in Ihrem Internetbrowser, (z.B. Internet Explorer, Mozilla Firefox, Opera oder Safari) tun.<\/p>\n<p><strong>4. Rechtswirksamkeit dieses Haftungsausschlusses<\/strong><br \/>\nDieser Haftungsausschluss ist als Teil des Internetangebots zu betrachten, von dem aus auf diese Seite verwiesen wurde. Sofern Teile oder einzelne Formulierungen dieses Textes der geltenden Rechtslage nicht, nicht mehr oder nicht vollst\u00e4ndig entsprechen sollten, bleiben die \u00fcbrigen Teile des Dokumentes in ihrem Inhalt und ihrer G\u00fcltigkeit davon unber\u00fchrt.<\/p>\n","protected":false},"excerpt":{"rendered":"<p>Haftungsausschluss 1. Inhalt des Onlineangebotes: Der Autor \u00fcbernimmt keinerlei Gew\u00e4hr f\u00fcr die Aktualit\u00e4t, Korrektheit, Vollst\u00e4ndigkeit oder Qualit\u00e4t der bereitgestellten Informationen. Haftungsanspr\u00fcche gegen den Autor, die sich auf Sch\u00e4den materieller oder ideeller Art beziehen, die durch die Nutzung oder Nichtnutzung der dargebotenen Informationen bzw. durch die Nutzung fehlerhafter und unvollst\u00e4ndiger Informationen verursacht wurden, sind grunds\u00e4tzlich ausgeschlossen, [&hellip;]<\/p>\n","protected":false},"author":4,"featured_media":0,"parent":0,"menu_order":0,"comment_status":"closed","ping_status":"open","template":"","meta":{"footnotes":""},"class_list":["post-62","page","type-page","status-publish","hentry"],"yoast_head":"<!-- This site is optimized with the Yoast SEO plugin v26.6 - https:\/\/yoast.com\/wordpress\/plugins\/seo\/ -->\n<title>Disclaimer - Fleischerei Bachhuber<\/title>\n<meta name=\"robots\" content=\"index, follow, max-snippet:-1, max-image-preview:large, max-video-preview:-1\" \/>\n<link rel=\"canonical\" href=\"https:\/\/fleischerei-bachhuber.de\/index.php\/disclaimer\/\" \/>\n<meta property=\"og:locale\" content=\"de_DE\" \/>\n<meta property=\"og:type\" content=\"article\" \/>\n<meta property=\"og:title\" content=\"Disclaimer - Fleischerei Bachhuber\" \/>\n<meta property=\"og:description\" content=\"Haftungsausschluss 1. Inhalt des Onlineangebotes: Der Autor \u00fcbernimmt keinerlei Gew\u00e4hr f\u00fcr die Aktualit\u00e4t, Korrektheit, Vollst\u00e4ndigkeit oder Qualit\u00e4t der bereitgestellten Informationen. Haftungsanspr\u00fcche gegen den Autor, die sich auf Sch\u00e4den materieller oder ideeller Art beziehen, die durch die Nutzung oder Nichtnutzung der dargebotenen Informationen bzw. durch die Nutzung fehlerhafter und unvollst\u00e4ndiger Informationen verursacht wurden, sind grunds\u00e4tzlich ausgeschlossen, [&hellip;]\" \/>\n<meta property=\"og:url\" content=\"https:\/\/fleischerei-bachhuber.de\/index.php\/disclaimer\/\" \/>\n<meta property=\"og:site_name\" content=\"Fleischerei Bachhuber\" \/>\n<meta property=\"article:modified_time\" content=\"2018-05-22T17:56:59+00:00\" \/>\n<meta property=\"og:image\" content=\"https:\/\/fleischerei-bachhuber.de\/wp-content\/uploads\/2016\/03\/Bachhuber-Filialen-2016.jpg\" \/>\n<meta name=\"twitter:card\" content=\"summary_large_image\" \/>\n<meta name=\"twitter:label1\" content=\"Gesch\u00e4tzte Lesezeit\" \/>\n\t<meta name=\"twitter:data1\" content=\"8\u00a0Minuten\" \/>\n<script type=\"application\/ld+json\" class=\"yoast-schema-graph\">{\"@context\":\"https:\/\/schema.org\",\"@graph\":[{\"@type\":\"WebPage\",\"@id\":\"https:\/\/fleischerei-bachhuber.de\/index.php\/disclaimer\/\",\"url\":\"https:\/\/fleischerei-bachhuber.de\/index.php\/disclaimer\/\",\"name\":\"Disclaimer - Fleischerei Bachhuber\",\"isPartOf\":{\"@id\":\"https:\/\/fleischerei-bachhuber.de\/#website\"},\"primaryImageOfPage\":{\"@id\":\"https:\/\/fleischerei-bachhuber.de\/index.php\/disclaimer\/#primaryimage\"},\"image\":{\"@id\":\"https:\/\/fleischerei-bachhuber.de\/index.php\/disclaimer\/#primaryimage\"},\"thumbnailUrl\":\"https:\/\/fleischerei-bachhuber.de\/wp-content\/uploads\/2016\/03\/Bachhuber-Filialen-2016.jpg\",\"datePublished\":\"2014-01-15T12:05:12+00:00\",\"dateModified\":\"2018-05-22T17:56:59+00:00\",\"breadcrumb\":{\"@id\":\"https:\/\/fleischerei-bachhuber.de\/index.php\/disclaimer\/#breadcrumb\"},\"inLanguage\":\"de\",\"potentialAction\":[{\"@type\":\"ReadAction\",\"target\":[\"https:\/\/fleischerei-bachhuber.de\/index.php\/disclaimer\/\"]}]},{\"@type\":\"ImageObject\",\"inLanguage\":\"de\",\"@id\":\"https:\/\/fleischerei-bachhuber.de\/index.php\/disclaimer\/#primaryimage\",\"url\":\"https:\/\/fleischerei-bachhuber.de\/wp-content\/uploads\/2016\/03\/Bachhuber-Filialen-2016.jpg\",\"contentUrl\":\"https:\/\/fleischerei-bachhuber.de\/wp-content\/uploads\/2016\/03\/Bachhuber-Filialen-2016.jpg\",\"width\":750,\"height\":420},{\"@type\":\"BreadcrumbList\",\"@id\":\"https:\/\/fleischerei-bachhuber.de\/index.php\/disclaimer\/#breadcrumb\",\"itemListElement\":[{\"@type\":\"ListItem\",\"position\":1,\"name\":\"Startseite\",\"item\":\"https:\/\/fleischerei-bachhuber.de\/\"},{\"@type\":\"ListItem\",\"position\":2,\"name\":\"Disclaimer\"}]},{\"@type\":\"WebSite\",\"@id\":\"https:\/\/fleischerei-bachhuber.de\/#website\",\"url\":\"https:\/\/fleischerei-bachhuber.de\/\",\"name\":\"Fleischerei Bachhuber\",\"description\":\"Ihr Spezialist f\u00fcr Wurst, Fleisch, Gefl\u00fcgel, Wild und Partyservice\",\"publisher\":{\"@id\":\"https:\/\/fleischerei-bachhuber.de\/#organization\"},\"potentialAction\":[{\"@type\":\"SearchAction\",\"target\":{\"@type\":\"EntryPoint\",\"urlTemplate\":\"https:\/\/fleischerei-bachhuber.de\/?s={search_term_string}\"},\"query-input\":{\"@type\":\"PropertyValueSpecification\",\"valueRequired\":true,\"valueName\":\"search_term_string\"}}],\"inLanguage\":\"de\"},{\"@type\":\"Organization\",\"@id\":\"https:\/\/fleischerei-bachhuber.de\/#organization\",\"name\":\"Fleischerei Bachhuber\",\"url\":\"https:\/\/fleischerei-bachhuber.de\/\",\"logo\":{\"@type\":\"ImageObject\",\"inLanguage\":\"de\",\"@id\":\"https:\/\/fleischerei-bachhuber.de\/#\/schema\/logo\/image\/\",\"url\":\"https:\/\/fleischerei-bachhuber.de\/wp-content\/uploads\/2019\/09\/IMG_5953.jpg\",\"contentUrl\":\"https:\/\/fleischerei-bachhuber.de\/wp-content\/uploads\/2019\/09\/IMG_5953.jpg\",\"width\":1280,\"height\":786,\"caption\":\"Fleischerei Bachhuber\"},\"image\":{\"@id\":\"https:\/\/fleischerei-bachhuber.de\/#\/schema\/logo\/image\/\"}}]}<\/script>\n<!-- \/ Yoast SEO plugin. -->","yoast_head_json":{"title":"Disclaimer - Fleischerei Bachhuber","robots":{"index":"index","follow":"follow","max-snippet":"max-snippet:-1","max-image-preview":"max-image-preview:large","max-video-preview":"max-video-preview:-1"},"canonical":"https:\/\/fleischerei-bachhuber.de\/index.php\/disclaimer\/","og_locale":"de_DE","og_type":"article","og_title":"Disclaimer - Fleischerei Bachhuber","og_description":"Haftungsausschluss 1. Inhalt des Onlineangebotes: Der Autor \u00fcbernimmt keinerlei Gew\u00e4hr f\u00fcr die Aktualit\u00e4t, Korrektheit, Vollst\u00e4ndigkeit oder Qualit\u00e4t der bereitgestellten Informationen. Haftungsanspr\u00fcche gegen den Autor, die sich auf Sch\u00e4den materieller oder ideeller Art beziehen, die durch die Nutzung oder Nichtnutzung der dargebotenen Informationen bzw. durch die Nutzung fehlerhafter und unvollst\u00e4ndiger Informationen verursacht wurden, sind grunds\u00e4tzlich ausgeschlossen, [&hellip;]","og_url":"https:\/\/fleischerei-bachhuber.de\/index.php\/disclaimer\/","og_site_name":"Fleischerei Bachhuber","article_modified_time":"2018-05-22T17:56:59+00:00","og_image":[{"url":"https:\/\/fleischerei-bachhuber.de\/wp-content\/uploads\/2016\/03\/Bachhuber-Filialen-2016.jpg","type":"","width":"","height":""}],"twitter_card":"summary_large_image","twitter_misc":{"Gesch\u00e4tzte Lesezeit":"8\u00a0Minuten"},"schema":{"@context":"https:\/\/schema.org","@graph":[{"@type":"WebPage","@id":"https:\/\/fleischerei-bachhuber.de\/index.php\/disclaimer\/","url":"https:\/\/fleischerei-bachhuber.de\/index.php\/disclaimer\/","name":"Disclaimer - Fleischerei Bachhuber","isPartOf":{"@id":"https:\/\/fleischerei-bachhuber.de\/#website"},"primaryImageOfPage":{"@id":"https:\/\/fleischerei-bachhuber.de\/index.php\/disclaimer\/#primaryimage"},"image":{"@id":"https:\/\/fleischerei-bachhuber.de\/index.php\/disclaimer\/#primaryimage"},"thumbnailUrl":"https:\/\/fleischerei-bachhuber.de\/wp-content\/uploads\/2016\/03\/Bachhuber-Filialen-2016.jpg","datePublished":"2014-01-15T12:05:12+00:00","dateModified":"2018-05-22T17:56:59+00:00","breadcrumb":{"@id":"https:\/\/fleischerei-bachhuber.de\/index.php\/disclaimer\/#breadcrumb"},"inLanguage":"de","potentialAction":[{"@type":"ReadAction","target":["https:\/\/fleischerei-bachhuber.de\/index.php\/disclaimer\/"]}]},{"@type":"ImageObject","inLanguage":"de","@id":"https:\/\/fleischerei-bachhuber.de\/index.php\/disclaimer\/#primaryimage","url":"https:\/\/fleischerei-bachhuber.de\/wp-content\/uploads\/2016\/03\/Bachhuber-Filialen-2016.jpg","contentUrl":"https:\/\/fleischerei-bachhuber.de\/wp-content\/uploads\/2016\/03\/Bachhuber-Filialen-2016.jpg","width":750,"height":420},{"@type":"BreadcrumbList","@id":"https:\/\/fleischerei-bachhuber.de\/index.php\/disclaimer\/#breadcrumb","itemListElement":[{"@type":"ListItem","position":1,"name":"Startseite","item":"https:\/\/fleischerei-bachhuber.de\/"},{"@type":"ListItem","position":2,"name":"Disclaimer"}]},{"@type":"WebSite","@id":"https:\/\/fleischerei-bachhuber.de\/#website","url":"https:\/\/fleischerei-bachhuber.de\/","name":"Fleischerei Bachhuber","description":"Ihr Spezialist f\u00fcr Wurst, Fleisch, Gefl\u00fcgel, Wild und Partyservice","publisher":{"@id":"https:\/\/fleischerei-bachhuber.de\/#organization"},"potentialAction":[{"@type":"SearchAction","target":{"@type":"EntryPoint","urlTemplate":"https:\/\/fleischerei-bachhuber.de\/?s={search_term_string}"},"query-input":{"@type":"PropertyValueSpecification","valueRequired":true,"valueName":"search_term_string"}}],"inLanguage":"de"},{"@type":"Organization","@id":"https:\/\/fleischerei-bachhuber.de\/#organization","name":"Fleischerei Bachhuber","url":"https:\/\/fleischerei-bachhuber.de\/","logo":{"@type":"ImageObject","inLanguage":"de","@id":"https:\/\/fleischerei-bachhuber.de\/#\/schema\/logo\/image\/","url":"https:\/\/fleischerei-bachhuber.de\/wp-content\/uploads\/2019\/09\/IMG_5953.jpg","contentUrl":"https:\/\/fleischerei-bachhuber.de\/wp-content\/uploads\/2019\/09\/IMG_5953.jpg","width":1280,"height":786,"caption":"Fleischerei Bachhuber"},"image":{"@id":"https:\/\/fleischerei-bachhuber.de\/#\/schema\/logo\/image\/"}}]}},"_links":{"self":[{"href":"https:\/\/fleischerei-bachhuber.de\/index.php\/wp-json\/wp\/v2\/pages\/62","targetHints":{"allow":["GET"]}}],"collection":[{"href":"https:\/\/fleischerei-bachhuber.de\/index.php\/wp-json\/wp\/v2\/pages"}],"about":[{"href":"https:\/\/fleischerei-bachhuber.de\/index.php\/wp-json\/wp\/v2\/types\/page"}],"author":[{"embeddable":true,"href":"https:\/\/fleischerei-bachhuber.de\/index.php\/wp-json\/wp\/v2\/users\/4"}],"replies":[{"embeddable":true,"href":"https:\/\/fleischerei-bachhuber.de\/index.php\/wp-json\/wp\/v2\/comments?post=62"}],"version-history":[{"count":10,"href":"https:\/\/fleischerei-bachhuber.de\/index.php\/wp-json\/wp\/v2\/pages\/62\/revisions"}],"predecessor-version":[{"id":483,"href":"https:\/\/fleischerei-bachhuber.de\/index.php\/wp-json\/wp\/v2\/pages\/62\/revisions\/483"}],"wp:attachment":[{"href":"https:\/\/fleischerei-bachhuber.de\/index.php\/wp-json\/wp\/v2\/media?parent=62"}],"curies":[{"name":"wp","href":"https:\/\/api.w.org\/{rel}","templated":true}]}}